{"id":7464,"date":"2023-05-22T11:34:42","date_gmt":"2023-05-22T11:34:42","guid":{"rendered":"https:\/\/www.egepolhospitals.com\/?page_id=7464"},"modified":"2023-06-19T08:14:05","modified_gmt":"2023-06-19T08:14:05","slug":"cesme-izmir","status":"publish","type":"page","link":"https:\/\/www.egepolhospitals.com\/fr\/cesme-izmir\/","title":{"rendered":"\u00c7e\u015fme, \u0130zmir"},"content":{"rendered":"<div class=\"group w-full text-gray-800 dark:text-gray-100 border-b border-black\/10 dark:border-gray-900\/50 bg-gray-50 dark:bg-[#444654]\">\n<div class=\"flex p-4 gap-4 text-base md:gap-6 md:max-w-2xl lg:max-w-xl xl:max-w-3xl md:py-6 lg:px-0 m-auto\">\n<div class=\"relative flex w-[calc(100%-50px)] flex-col gap-1 md:gap-3 lg:w-[calc(100%-115px)]\">\n<div class=\"flex flex-grow flex-col gap-3\">\n<div class=\"min-h-[20px] flex flex-col items-start gap-4 whitespace-pre-wrap break-words\">\n<div class=\"markdown prose w-full break-words dark:prose-invert light\">\t<section class=\"section\" id=\"section_971569511\">\n\t\t<div class=\"bg section-bg fill bg-fill  bg-loaded\" >\n\n\t\t\t\n\t\t\t\n\t\t\t\n\n\t\t<\/div>\n\n\t\t\n\n\t\t<div class=\"section-content relative\">\n\t\t\t<div class=\"row\"  id=\"row-1094559572\">\n\n\t<div id=\"col-1318556699\" class=\"col small-12 large-12\"  >\n\t\t\t\t<div class=\"col-inner\"  >\n\t\t\t\n\t\t\t\n<div>\u00c7e\u015fme est une charmante ville c\u00f4ti\u00e8re situ\u00e9e dans la province d&rsquo;Izmir, en Turquie. Situ\u00e9e sur la mer \u00c9g\u00e9e, elle est r\u00e9put\u00e9e pour ses plages immacul\u00e9es, ses eaux turquoise cristallines et ses sites historiques.<\/div>\n<div><\/div>\n<div>L&rsquo;une des principales attractions de \u00c7e\u015fme est ses superbes plages. La ville est dot\u00e9e d&rsquo;un long littoral orn\u00e9 de belles plages de sable telles que la plage d&rsquo;Alt\u0131nkum, la plage de P\u0131rlanta et la plage d&rsquo;Ilica. Ces plages offrent une retraite parfaite pour les baigneurs et les amateurs de sports nautiques. Les visiteurs peuvent se pr\u00e9lasser au soleil, se rafra\u00eechir dans les eaux azur ou s&rsquo;adonner \u00e0 des activit\u00e9s comme la plong\u00e9e avec tuba, la plong\u00e9e sous-marine et la planche \u00e0 voile.<\/div>\n\t<div class=\"img has-hover x md-x lg-x y md-y lg-y\" id=\"image_1900420584\">\n\t\t\t\t\t\t\t\t<div class=\"img-inner dark\" >\n\t\t\t<img decoding=\"async\" width=\"1140\" height=\"500\" src=\"https:\/\/www.egepolhospitals.com\/wp-content\/uploads\/Cesme.jpg\" class=\"attachment-2048x2048 size-2048x2048\" alt=\"\" srcset=\"https:\/\/www.egepolhospitals.com\/wp-content\/uploads\/Cesme.jpg 1140w, https:\/\/www.egepolhospitals.com\/wp-content\/uploads\/Cesme-800x351.jpg 800w, https:\/\/www.egepolhospitals.com\/wp-content\/uploads\/Cesme-768x337.jpg 768w\" sizes=\"(max-width: 1140px) 100vw, 1140px\" title=\"\">\t\t\t\t\t\t\n\t\t\t\t\t<\/div>\n\t\t\t\t\t\t\t\t\n<style>\n#image_1900420584 {\n  width: 100%;\n}\n<\/style>\n\t<\/div>\n\t\n<div>\n<div>\n<div>En plus de ses plages pittoresques, \u00c7e\u015fme est c\u00e9l\u00e8bre pour ses sources thermales. La r\u00e9gion abrite de nombreuses sources chaudes naturelles, dont on pense qu&rsquo;elles ont des propri\u00e9t\u00e9s th\u00e9rapeutiques. Les visiteurs peuvent se d\u00e9tendre dans les thermes ou profiter de soins de spa dans les diff\u00e9rents centres de bien-\u00eatre de la r\u00e9gion. Les eaux curatives de \u00c7e\u015fme attirent les touristes en qu\u00eate de rajeunissement et de bien-\u00eatre.<\/div>\n<\/div>\n<\/div>\n<div><\/div>\n<div>\u00c7e\u015fme est \u00e9galement un tr\u00e9sor de sites historiques. Le ch\u00e2teau de \u00c7e\u015fme se dresse fi\u00e8rement dans le centre-ville, surplombant le port. Construit au XVIe si\u00e8cle, le ch\u00e2teau offre une vue panoramique sur les environs et sert de mus\u00e9e, pr\u00e9sentant des artefacts de diff\u00e9rentes p\u00e9riodes de l&rsquo;histoire de \u00c7e\u015fme. \u00c0 proximit\u00e9, le caravans\u00e9rail ottoman, connu sous le nom de caravans\u00e9rail Ala\u00e7at\u0131, est un exemple bien conserv\u00e9 de l&rsquo;architecture ottomane et accueille divers \u00e9v\u00e9nements culturels.<\/div>\n<div><\/div>\n<div>La ville d&rsquo;Ala\u00e7at\u0131, qui fait partie de \u00c7e\u015fme, est un quartier charmant qui attire les visiteurs avec ses rues pav\u00e9es \u00e9troites, ses maisons en pierre historiques et son atmosph\u00e8re anim\u00e9e. Ala\u00e7at\u0131 est c\u00e9l\u00e8bre pour sa vie nocturne anim\u00e9e, ses boutiques et ses march\u00e9s de rue anim\u00e9s. Les visiteurs peuvent explorer les boutiques locales proposant des objets artisanaux, go\u00fbter \u00e0 la d\u00e9licieuse cuisine \u00e9g\u00e9enne dans des restaurants pittoresques et s&rsquo;immerger dans l&rsquo;ambiance \u00e9nergique de la ville.<\/div>\n\n  \n    <div class=\"row  lightbox-multi-gallery large-columns-4 medium-columns-3 small-columns-2\">\n  <div class=\"gallery-col col\" >\n          <div class=\"col-inner\">\n            <a class=\"\" href=\"https:\/\/www.egepolhospitals.com\/wp-content\/uploads\/8-1.jpg\" title=\"\">            <div class=\"box has-hover gallery-box box-overlay dark\">\n              <div class=\"box-image\" >\n                <img decoding=\"async\" width=\"533\" height=\"400\" src=\"https:\/\/www.egepolhospitals.com\/wp-content\/uploads\/8-1-533x400.jpg\" class=\"attachment-medium size-medium\" alt=\"\" ids=\"5266,5263,5257,5245\" srcset=\"https:\/\/www.egepolhospitals.com\/wp-content\/uploads\/8-1-533x400.jpg 533w, https:\/\/www.egepolhospitals.com\/wp-content\/uploads\/8-1-768x576.jpg 768w, https:\/\/www.egepolhospitals.com\/wp-content\/uploads\/8-1.jpg 1024w\" sizes=\"(max-width: 533px) 100vw, 533px\" title=\"\">                                  <div class=\"overlay fill\"\n                      style=\"background-color: rgba(0,0,0,.15)\">\n                  <\/div>\n                                                              <\/div>\n              <div class=\"box-text text-left\" >\n                 <p><\/p>\n              <\/div>\n            <\/div>\n            <\/a>          <\/div>\n         <\/div><div class=\"gallery-col col\" >\n          <div class=\"col-inner\">\n            <a class=\"\" href=\"https:\/\/www.egepolhospitals.com\/wp-content\/uploads\/7-1.jpg\" title=\"\">            <div class=\"box has-hover gallery-box box-overlay dark\">\n              <div class=\"box-image\" >\n                <img decoding=\"async\" width=\"533\" height=\"400\" src=\"https:\/\/www.egepolhospitals.com\/wp-content\/uploads\/7-1-533x400.jpg\" class=\"attachment-medium size-medium\" alt=\"\" ids=\"5266,5263,5257,5245\" srcset=\"https:\/\/www.egepolhospitals.com\/wp-content\/uploads\/7-1-533x400.jpg 533w, https:\/\/www.egepolhospitals.com\/wp-content\/uploads\/7-1-768x576.jpg 768w, https:\/\/www.egepolhospitals.com\/wp-content\/uploads\/7-1.jpg 1024w\" sizes=\"(max-width: 533px) 100vw, 533px\" title=\"\">                                  <div class=\"overlay fill\"\n                      style=\"background-color: rgba(0,0,0,.15)\">\n                  <\/div>\n                                                              <\/div>\n              <div class=\"box-text text-left\" >\n                 <p><\/p>\n              <\/div>\n            <\/div>\n            <\/a>          <\/div>\n         <\/div><div class=\"gallery-col col\" >\n          <div class=\"col-inner\">\n            <a class=\"\" href=\"https:\/\/www.egepolhospitals.com\/wp-content\/uploads\/6-1.jpg\" title=\"\">            <div class=\"box has-hover gallery-box box-overlay dark\">\n              <div class=\"box-image\" >\n                <img decoding=\"async\" width=\"533\" height=\"400\" src=\"https:\/\/www.egepolhospitals.com\/wp-content\/uploads\/6-1-533x400.jpg\" class=\"attachment-medium size-medium\" alt=\"\" ids=\"5266,5263,5257,5245\" srcset=\"https:\/\/www.egepolhospitals.com\/wp-content\/uploads\/6-1-533x400.jpg 533w, https:\/\/www.egepolhospitals.com\/wp-content\/uploads\/6-1-768x576.jpg 768w, https:\/\/www.egepolhospitals.com\/wp-content\/uploads\/6-1.jpg 1024w\" sizes=\"(max-width: 533px) 100vw, 533px\" title=\"\">                                  <div class=\"overlay fill\"\n                      style=\"background-color: rgba(0,0,0,.15)\">\n                  <\/div>\n                                                              <\/div>\n              <div class=\"box-text text-left\" >\n                 <p><\/p>\n              <\/div>\n            <\/div>\n            <\/a>          <\/div>\n         <\/div><div class=\"gallery-col col\" >\n          <div class=\"col-inner\">\n            <a class=\"\" href=\"https:\/\/www.egepolhospitals.com\/wp-content\/uploads\/2-1.jpg\" title=\"\">            <div class=\"box has-hover gallery-box box-overlay dark\">\n              <div class=\"box-image\" >\n                <img decoding=\"async\" width=\"533\" height=\"400\" src=\"https:\/\/www.egepolhospitals.com\/wp-content\/uploads\/2-1-533x400.jpg\" class=\"attachment-medium size-medium\" alt=\"\" ids=\"5266,5263,5257,5245\" srcset=\"https:\/\/www.egepolhospitals.com\/wp-content\/uploads\/2-1-533x400.jpg 533w, https:\/\/www.egepolhospitals.com\/wp-content\/uploads\/2-1-768x576.jpg 768w, https:\/\/www.egepolhospitals.com\/wp-content\/uploads\/2-1.jpg 1024w\" sizes=\"(max-width: 533px) 100vw, 533px\" title=\"\">                                  <div class=\"overlay fill\"\n                      style=\"background-color: rgba(0,0,0,.15)\">\n                  <\/div>\n                                                              <\/div>\n              <div class=\"box-text text-left\" >\n                 <p><\/p>\n              <\/div>\n            <\/div>\n            <\/a>          <\/div>\n         <\/div><\/div>\n<div>\n<div>\n<div><\/div>\n<\/div>\n<\/div>\n<div>\n<div>\n<div>\u00c7e\u015fme est \u00e9galement connue pour ses d\u00e9lices culinaires. La ville offre un large \u00e9ventail de restaurants et de restaurants de fruits de mer, o\u00f9 les visiteurs peuvent savourer du poisson fra\u00eechement p\u00each\u00e9 et d&rsquo;autres d\u00e9licieuses sp\u00e9cialit\u00e9s \u00e9g\u00e9ennes. Qu&rsquo;il s&rsquo;agisse de savourer un repas tranquille en bord de mer ou de se livrer \u00e0 la cuisine de rue, \u00c7e\u015fme propose un voyage gastronomique qui ravit le palais.<\/div>\n<div><\/div>\n<div>Au-del\u00e0 des plages et des sites historiques, \u00c7e\u015fme est un centre florissant d&rsquo;\u00e9v\u00e9nements culturels. Le Festival international annuel de \u00c7e\u015fme rassemble des artistes, des musiciens et des interpr\u00e8tes du monde entier, offrant une gamme vari\u00e9e de concerts, d&rsquo;expositions et de divertissements. Le festival met en valeur la sc\u00e8ne culturelle dynamique de la ville et renforce sa r\u00e9putation en tant que destination culturelle.<\/div>\n<div><\/div>\n<div>En conclusion, \u00c7e\u015fme est une ville c\u00f4ti\u00e8re captivante qui allie harmonieusement beaut\u00e9 naturelle, richesse historique et dynamisme culturel. Avec ses plages magnifiques, ses sources thermales rajeunissantes, ses monuments historiques, ses d\u00e9lices culinaires et ses \u00e9v\u00e9nements anim\u00e9s, \u00c7e\u015fme offre une exp\u00e9rience vraiment inoubliable aux visiteurs. C&rsquo;est une destination qui r\u00e9pond aux d\u00e9sirs de d\u00e9tente, d&rsquo;exploration et d&rsquo;immersion culturelle, ce qui en fait un endroit bien-aim\u00e9 sur la c\u00f4te \u00e9g\u00e9enne de la Turquie.<\/div>\n<\/div>\n<\/div>\n\t\t<\/div>\n\t\t\t\t\t<\/div>\n\n\t\n<\/div>\n\t\t<\/div>\n\n\t\t\n<style>\n#section_971569511 {\n  padding-top: 30px;\n  padding-bottom: 30px;\n}\n#section_971569511 .ux-shape-divider--top svg {\n  height: 150px;\n  --divider-top-width: 100%;\n}\n#section_971569511 .ux-shape-divider--bottom svg {\n  height: 150px;\n  --divider-width: 100%;\n}\n<\/style>\n\t<\/section>\n\t\n<\/div>\n<\/div>\n<\/div>\n<\/div>\n<\/div>\n<\/div>\n","protected":false},"excerpt":{"rendered":"","protected":false},"author":1,"featured_media":5170,"parent":0,"menu_order":0,"comment_status":"closed","ping_status":"closed","template":"page-blank-title-center.php","meta":{"_joinchat":[],"footnotes":""},"class_list":["post-7464","page","type-page","status-publish","has-post-thumbnail","hentry"],"_links":{"self":[{"href":"https:\/\/www.egepolhospitals.com\/fr\/wp-json\/wp\/v2\/pages\/7464","targetHints":{"allow":["GET"]}}],"collection":[{"href":"https:\/\/www.egepolhospitals.com\/fr\/wp-json\/wp\/v2\/pages"}],"about":[{"href":"https:\/\/www.egepolhospitals.com\/fr\/wp-json\/wp\/v2\/types\/page"}],"author":[{"embeddable":true,"href":"https:\/\/www.egepolhospitals.com\/fr\/wp-json\/wp\/v2\/users\/1"}],"replies":[{"embeddable":true,"href":"https:\/\/www.egepolhospitals.com\/fr\/wp-json\/wp\/v2\/comments?post=7464"}],"version-history":[{"count":3,"href":"https:\/\/www.egepolhospitals.com\/fr\/wp-json\/wp\/v2\/pages\/7464\/revisions"}],"predecessor-version":[{"id":7468,"href":"https:\/\/www.egepolhospitals.com\/fr\/wp-json\/wp\/v2\/pages\/7464\/revisions\/7468"}],"wp:featuredmedia":[{"embeddable":true,"href":"https:\/\/www.egepolhospitals.com\/fr\/wp-json\/wp\/v2\/media\/5170"}],"wp:attachment":[{"href":"https:\/\/www.egepolhospitals.com\/fr\/wp-json\/wp\/v2\/media?parent=7464"}],"curies":[{"name":"wp","href":"https:\/\/api.w.org\/{rel}","templated":true}]}}