{"id":7459,"date":"2023-05-16T15:38:19","date_gmt":"2023-05-16T15:38:19","guid":{"rendered":"https:\/\/www.egepolhospitals.com\/?page_id=7459"},"modified":"2023-06-19T08:12:56","modified_gmt":"2023-06-19T08:12:56","slug":"alacati-izmir","status":"publish","type":"page","link":"https:\/\/www.egepolhospitals.com\/fr\/alacati-izmir\/","title":{"rendered":"Ala\u00e7at\u0131, Izmir"},"content":{"rendered":"\t<section class=\"section\" id=\"section_762604227\">\n\t\t<div class=\"bg section-bg fill bg-fill  bg-loaded\" >\n\n\t\t\t\n\t\t\t\n\t\t\t\n\n\t\t<\/div>\n\n\t\t\n\n\t\t<div class=\"section-content relative\">\n\t\t\t\n<div class=\"row\"  id=\"row-635787004\">\n\n\t<div id=\"col-268458049\" class=\"col small-12 large-12\"  >\n\t\t\t\t<div class=\"col-inner\"  >\n\t\t\t\n\t\t\t\n<div>Ala\u00e7at\u0131 est une ville et un centre touristique situ\u00e9 dans la province d&rsquo;Izmir en Turquie. Il est devenu c\u00e9l\u00e8bre pour sa beaut\u00e9 naturelle unique, sa texture historique et ses vents c\u00e9l\u00e8bres.<\/div>\n<div><\/div>\n<div>Avec ses maisons typiques en pierre blanchies \u00e0 la chaux, ses rues \u00e9troites et ses cours fleuries, Ala\u00e7at\u0131 d\u00e9gage une atmosph\u00e8re captivante. Cette charmante ville se distingue par ses b\u00e2timents en pierre datant de la p\u00e9riode ottomane, pr\u00e9sentant de beaux exemples d&rsquo;architecture traditionnelle \u00e9g\u00e9enne.<\/div>\n\t<div class=\"img has-hover x md-x lg-x y md-y lg-y\" id=\"image_223672665\">\n\t\t\t\t\t\t\t\t<div class=\"img-inner dark\" >\n\t\t\t<img decoding=\"async\" width=\"1140\" height=\"500\" src=\"https:\/\/www.egepolhospitals.com\/wp-content\/uploads\/Alacati.jpg\" class=\"attachment-2048x2048 size-2048x2048\" alt=\"\" srcset=\"https:\/\/www.egepolhospitals.com\/wp-content\/uploads\/Alacati.jpg 1140w, https:\/\/www.egepolhospitals.com\/wp-content\/uploads\/Alacati-800x351.jpg 800w, https:\/\/www.egepolhospitals.com\/wp-content\/uploads\/Alacati-768x337.jpg 768w\" sizes=\"(max-width: 1140px) 100vw, 1140px\" title=\"\">\t\t\t\t\t\t\n\t\t\t\t\t<\/div>\n\t\t\t\t\t\t\t\t\n<style>\n#image_223672665 {\n  width: 100%;\n}\n<\/style>\n\t<\/div>\n\t\n<div class=\"flex flex-grow flex-col gap-3\">\n<div class=\"min-h-&#091;20px&#093; flex flex-col items-start gap-4 whitespace-pre-wrap break-words\">\n<div class=\"markdown prose w-full break-words dark:prose-invert light\"><\/div>\n<\/div>\n<\/div>\n<div>Cependant, ce qui rend Ala\u00e7at\u0131 sp\u00e9cial, ce sont ses vents. Les vents fr\u00e9quents du Meltem offrent des conditions id\u00e9ales, en particulier pour ceux qui pratiquent la planche \u00e0 voile et la voile. Ala\u00e7at\u0131 est l&rsquo;une des destinations les plus populaires de Turquie pour la planche \u00e0 voile et la voile. Les amateurs de planche \u00e0 voile peuvent profiter de la brise dans les belles criques d&rsquo;Ala\u00e7at\u0131 et s&rsquo;adonner au frisson de ce sport passionnant.<\/div>\n<div><\/div>\n<div>Ala\u00e7at\u0131 est \u00e9galement c\u00e9l\u00e8bre pour \u00eatre une plaque tournante du shopping et de la vie nocturne. Ses rues sont bord\u00e9es de boutiques proposant divers produits tels que l&rsquo;artisanat fait \u00e0 la main, les travaux artisanaux locaux et les c\u00e9l\u00e8bres produits \u00e0 base de lavande d&rsquo;Ala\u00e7at\u0131. Il est \u00e9galement r\u00e9put\u00e9 pour ses restaurants, ses caf\u00e9s et ses bars. Les restaurants servant une d\u00e9licieuse cuisine \u00e9g\u00e9enne offrent aux visiteurs une exp\u00e9rience culinaire inoubliable.<\/div>\n<div><\/div>\n<div>Ala\u00e7at\u0131 attire \u00e9galement l&rsquo;attention avec son patrimoine historique et culturel. Ala\u00e7at\u0131 \u00c7ar\u015f\u0131 est un lieu important qui pr\u00e9serve le tissu historique avec ses b\u00e2timents historiques en pierre et ses vieilles maisons grecques. De plus, les villes anciennes situ\u00e9es pr\u00e8s d&rsquo;Ala\u00e7at\u0131 offrent aux visiteurs la possibilit\u00e9 d&rsquo;explorer l&rsquo;histoire et de faire des d\u00e9couvertes arch\u00e9ologiques.<\/div>\n<div><\/div>\n<div>En conclusion, Ala\u00e7at\u0131 est un paradis pour les vacanciers. Avec sa beaut\u00e9 naturelle, ses vents, son atmosph\u00e8re historique, ses possibilit\u00e9s de shopping et sa d\u00e9licieuse cuisine, il offre aux visiteurs une exp\u00e9rience inoubliable. Ceux qui visitent Ala\u00e7at\u0131 seront enchant\u00e9s par cette charmante ville et voudront y revenir.<\/div>\n\n  \n    <div class=\"row  lightbox-multi-gallery large-columns-3 medium-columns- small-columns-2\">\n  <div class=\"gallery-col col\" >\n          <div class=\"col-inner\">\n            <a class=\"\" href=\"https:\/\/www.egepolhospitals.com\/wp-content\/uploads\/6-2.jpg\" title=\"\">            <div class=\"box has-hover gallery-box box-overlay dark\">\n              <div class=\"box-image\" >\n                <img decoding=\"async\" width=\"533\" height=\"400\" src=\"https:\/\/www.egepolhospitals.com\/wp-content\/uploads\/6-2-533x400.jpg\" class=\"attachment-medium size-medium\" alt=\"\" ids=\"5260,5263,5266\" columns=\"3\" srcset=\"https:\/\/www.egepolhospitals.com\/wp-content\/uploads\/6-2-533x400.jpg 533w, https:\/\/www.egepolhospitals.com\/wp-content\/uploads\/6-2-768x576.jpg 768w, https:\/\/www.egepolhospitals.com\/wp-content\/uploads\/6-2.jpg 1024w\" sizes=\"(max-width: 533px) 100vw, 533px\" title=\"\">                                  <div class=\"overlay fill\"\n                      style=\"background-color: rgba(0,0,0,.15)\">\n                  <\/div>\n                                                              <\/div>\n              <div class=\"box-text text-left\" >\n                 <p><\/p>\n              <\/div>\n            <\/div>\n            <\/a>          <\/div>\n         <\/div><div class=\"gallery-col col\" >\n          <div class=\"col-inner\">\n            <a class=\"\" href=\"https:\/\/www.egepolhospitals.com\/wp-content\/uploads\/7-1.jpg\" title=\"\">            <div class=\"box has-hover gallery-box box-overlay dark\">\n              <div class=\"box-image\" >\n                <img decoding=\"async\" width=\"533\" height=\"400\" src=\"https:\/\/www.egepolhospitals.com\/wp-content\/uploads\/7-1-533x400.jpg\" class=\"attachment-medium size-medium\" alt=\"\" ids=\"5260,5263,5266\" columns=\"3\" srcset=\"https:\/\/www.egepolhospitals.com\/wp-content\/uploads\/7-1-533x400.jpg 533w, https:\/\/www.egepolhospitals.com\/wp-content\/uploads\/7-1-768x576.jpg 768w, https:\/\/www.egepolhospitals.com\/wp-content\/uploads\/7-1.jpg 1024w\" sizes=\"(max-width: 533px) 100vw, 533px\" title=\"\">                                  <div class=\"overlay fill\"\n                      style=\"background-color: rgba(0,0,0,.15)\">\n                  <\/div>\n                                                              <\/div>\n              <div class=\"box-text text-left\" >\n                 <p><\/p>\n              <\/div>\n            <\/div>\n            <\/a>          <\/div>\n         <\/div><div class=\"gallery-col col\" >\n          <div class=\"col-inner\">\n            <a class=\"\" href=\"https:\/\/www.egepolhospitals.com\/wp-content\/uploads\/8-1.jpg\" title=\"\">            <div class=\"box has-hover gallery-box box-overlay dark\">\n              <div class=\"box-image\" >\n                <img decoding=\"async\" width=\"533\" height=\"400\" src=\"https:\/\/www.egepolhospitals.com\/wp-content\/uploads\/8-1-533x400.jpg\" class=\"attachment-medium size-medium\" alt=\"\" ids=\"5260,5263,5266\" columns=\"3\" srcset=\"https:\/\/www.egepolhospitals.com\/wp-content\/uploads\/8-1-533x400.jpg 533w, https:\/\/www.egepolhospitals.com\/wp-content\/uploads\/8-1-768x576.jpg 768w, https:\/\/www.egepolhospitals.com\/wp-content\/uploads\/8-1.jpg 1024w\" sizes=\"(max-width: 533px) 100vw, 533px\" title=\"\">                                  <div class=\"overlay fill\"\n                      style=\"background-color: rgba(0,0,0,.15)\">\n                  <\/div>\n                                                              <\/div>\n              <div class=\"box-text text-left\" >\n                 <p><\/p>\n              <\/div>\n            <\/div>\n            <\/a>          <\/div>\n         <\/div><\/div>\n<div class=\"flex flex-grow flex-col gap-3\">\n<div class=\"min-h-&#091;20px&#093; flex flex-col items-start gap-4 whitespace-pre-wrap break-words\">\n<div class=\"markdown prose w-full break-words dark:prose-invert light\">\n<div class=\"flex flex-grow flex-col gap-3\">\n<div class=\"min-h-&#091;20px&#093; flex flex-col items-start gap-4 whitespace-pre-wrap break-words\">\n<div class=\"markdown prose w-full break-words dark:prose-invert light\"><\/div>\n<\/div>\n<\/div>\n<\/div>\n<\/div>\n<\/div>\n<div>Ala\u00e7at\u0131 n&rsquo;est pas seulement populaire en Turquie, mais suscite \u00e9galement un grand int\u00e9r\u00eat \u00e0 l&rsquo;\u00e9chelle internationale en tant que destination touristique. Chaque ann\u00e9e, des milliers de touristes affluent vers Ala\u00e7at\u0131 pour d\u00e9couvrir son atmosph\u00e8re enchanteresse et se d\u00e9tendre.<\/div>\n<div><\/div>\n<div>Les plages d&rsquo;Ala\u00e7at\u0131 ont \u00e9galement une beaut\u00e9 unique. Ses plages de sable blanc, sa mer turquoise et la chaleur du soleil hypnotisent les vacanciers. Vous pourrez vous pr\u00e9lasser sur des transats, profiter de la mer ou participer \u00e0 des sports nautiques. La plage est un endroit id\u00e9al pour bronzer, se rafra\u00eechir dans la mer ou faire de la planche \u00e0 voile.<\/div>\n<div><\/div>\n<div>Les champs de lavande d&rsquo;Ala\u00e7at\u0131 valent \u00e9galement le d\u00e9tour. Surtout pendant les mois d&rsquo;\u00e9t\u00e9, les champs remplis de fleurs de lavande offrent un paysage magnifique et offrent aux visiteurs une exp\u00e9rience aromatique captivante. La f\u00eate de la lavande c\u00e9l\u00e8bre cette belle fleur avec des \u00e9v\u00e9nements color\u00e9s organis\u00e9s chaque ann\u00e9e.<\/div>\n<div><\/div>\n<div>La vie nocturne refl\u00e8te l&rsquo;atmosph\u00e8re \u00e9nergique et vibrante d&rsquo;Ala\u00e7at\u0131. Divers restaurants, bars et discoth\u00e8ques offrent aux clients une soir\u00e9e divertissante. Des spectacles de musique live, des soir\u00e9es dansantes et une ambiance chaleureuse rendent la vie nocturne \u00e0 Ala\u00e7at\u0131 inoubliable.<\/div>\n<div><\/div>\n<div>Ala\u00e7at\u0131 offre \u00e9galement de nombreuses opportunit\u00e9s pour ceux qui souhaitent explorer la beaut\u00e9 naturelle de ses environs. Des endroits tels que le village de \u015eirince, la ville antique d&rsquo;\u00c9ph\u00e8se et la plage de Pamucak, situ\u00e9s pr\u00e8s d&rsquo;Ala\u00e7at\u0131, valent la peine d&rsquo;\u00eatre visit\u00e9s. Ces r\u00e9gions offrent une exp\u00e9rience riche en termes d&rsquo;histoire et de culture.<\/div>\n\n  \n    <div class=\"row  lightbox-multi-gallery large-columns-3 medium-columns- small-columns-2 row-full-width slider row-slider slider-nav-reveal\"  data-flickity-options='{\"imagesLoaded\": true, \"groupCells\": \"100%\", \"dragThreshold\" : 5, \"cellAlign\": \"left\",\"wrapAround\": true,\"prevNextButtons\": true,\"percentPosition\": true,\"pageDots\": false, \"rightToLeft\": false, \"autoPlay\" : false}'>\n\n  <div class=\"gallery-col col\" >\n          <div class=\"col-inner\">\n            <a class=\"\" href=\"https:\/\/www.egepolhospitals.com\/wp-content\/uploads\/2-1.jpg\" title=\"\">            <div class=\"box has-hover gallery-box box-overlay dark\">\n              <div class=\"box-image\" >\n                <img decoding=\"async\" width=\"533\" height=\"400\" src=\"https:\/\/www.egepolhospitals.com\/wp-content\/uploads\/2-1-533x400.jpg\" class=\"attachment-medium size-medium\" alt=\"\" ids=\"5245,5242,5248\" lightbox_image_size=\"2048x2048\" type=\"slider\" columns=\"3\" srcset=\"https:\/\/www.egepolhospitals.com\/wp-content\/uploads\/2-1-533x400.jpg 533w, https:\/\/www.egepolhospitals.com\/wp-content\/uploads\/2-1-768x576.jpg 768w, https:\/\/www.egepolhospitals.com\/wp-content\/uploads\/2-1.jpg 1024w\" sizes=\"(max-width: 533px) 100vw, 533px\" title=\"\">                                  <div class=\"overlay fill\"\n                      style=\"background-color: rgba(0,0,0,.15)\">\n                  <\/div>\n                                                              <\/div>\n              <div class=\"box-text text-left\" >\n                 <p><\/p>\n              <\/div>\n            <\/div>\n            <\/a>          <\/div>\n         <\/div><div class=\"gallery-col col\" >\n          <div class=\"col-inner\">\n            <a class=\"\" href=\"https:\/\/www.egepolhospitals.com\/wp-content\/uploads\/1-1.jpg\" title=\"\">            <div class=\"box has-hover gallery-box box-overlay dark\">\n              <div class=\"box-image\" >\n                <img decoding=\"async\" width=\"533\" height=\"400\" src=\"https:\/\/www.egepolhospitals.com\/wp-content\/uploads\/1-1-533x400.jpg\" class=\"attachment-medium size-medium\" alt=\"\" ids=\"5245,5242,5248\" lightbox_image_size=\"2048x2048\" type=\"slider\" columns=\"3\" srcset=\"https:\/\/www.egepolhospitals.com\/wp-content\/uploads\/1-1-533x400.jpg 533w, https:\/\/www.egepolhospitals.com\/wp-content\/uploads\/1-1-768x576.jpg 768w, https:\/\/www.egepolhospitals.com\/wp-content\/uploads\/1-1.jpg 1024w\" sizes=\"(max-width: 533px) 100vw, 533px\" title=\"\">                                  <div class=\"overlay fill\"\n                      style=\"background-color: rgba(0,0,0,.15)\">\n                  <\/div>\n                                                              <\/div>\n              <div class=\"box-text text-left\" >\n                 <p><\/p>\n              <\/div>\n            <\/div>\n            <\/a>          <\/div>\n         <\/div><div class=\"gallery-col col\" >\n          <div class=\"col-inner\">\n            <a class=\"\" href=\"https:\/\/www.egepolhospitals.com\/wp-content\/uploads\/3-1.jpg\" title=\"\">            <div class=\"box has-hover gallery-box box-overlay dark\">\n              <div class=\"box-image\" >\n                <img decoding=\"async\" width=\"533\" height=\"400\" src=\"https:\/\/www.egepolhospitals.com\/wp-content\/uploads\/3-1-533x400.jpg\" class=\"attachment-medium size-medium\" alt=\"\" ids=\"5245,5242,5248\" lightbox_image_size=\"2048x2048\" type=\"slider\" columns=\"3\" srcset=\"https:\/\/www.egepolhospitals.com\/wp-content\/uploads\/3-1-533x400.jpg 533w, https:\/\/www.egepolhospitals.com\/wp-content\/uploads\/3-1-768x576.jpg 768w, https:\/\/www.egepolhospitals.com\/wp-content\/uploads\/3-1.jpg 1024w\" sizes=\"(max-width: 533px) 100vw, 533px\" title=\"\">                                  <div class=\"overlay fill\"\n                      style=\"background-color: rgba(0,0,0,.15)\">\n                  <\/div>\n                                                              <\/div>\n              <div class=\"box-text text-left\" >\n                 <p><\/p>\n              <\/div>\n            <\/div>\n            <\/a>          <\/div>\n         <\/div><\/div>\n<p>Ala\u00e7at\u0131 est \u00e9galement c\u00e9l\u00e8bre pour ses festivals organis\u00e9s. En particulier, le festival des herbes d&rsquo;Ala\u00e7at\u0131 et le festival de planche \u00e0 voile attirent chaque ann\u00e9e un grand nombre de visiteurs. Au cours de ces festivals, vous pourrez go\u00fbter aux saveurs locales, voir l&rsquo;artisanat traditionnel et d\u00e9couvrir diff\u00e9rentes cultures.<\/p>\n\n  \n    <div class=\"row  lightbox-multi-gallery large-columns-2 medium-columns- small-columns-\">\n  <div class=\"gallery-col col\" >\n          <div class=\"col-inner\">\n            <a class=\"\" href=\"https:\/\/www.egepolhospitals.com\/wp-content\/uploads\/4-1.jpg\" title=\"\">            <div class=\"box has-hover gallery-box box-overlay dark\">\n              <div class=\"box-image\" >\n                <img decoding=\"async\" width=\"1024\" height=\"768\" src=\"https:\/\/www.egepolhospitals.com\/wp-content\/uploads\/4-1.jpg\" class=\"attachment-2048x2048 size-2048x2048\" alt=\"\" ids=\"5251,5254\" lightbox_image_size=\"2048x2048\" columns=\"2\" image_size=\"2048x2048\" srcset=\"https:\/\/www.egepolhospitals.com\/wp-content\/uploads\/4-1.jpg 1024w, https:\/\/www.egepolhospitals.com\/wp-content\/uploads\/4-1-533x400.jpg 533w, https:\/\/www.egepolhospitals.com\/wp-content\/uploads\/4-1-768x576.jpg 768w\" sizes=\"(max-width: 1024px) 100vw, 1024px\" title=\"\">                                  <div class=\"overlay fill\"\n                      style=\"background-color: rgba(0,0,0,.15)\">\n                  <\/div>\n                                                              <\/div>\n              <div class=\"box-text text-left\" >\n                 <p><\/p>\n              <\/div>\n            <\/div>\n            <\/a>          <\/div>\n         <\/div><div class=\"gallery-col col\" >\n          <div class=\"col-inner\">\n            <a class=\"\" href=\"https:\/\/www.egepolhospitals.com\/wp-content\/uploads\/5-1.jpg\" title=\"\">            <div class=\"box has-hover gallery-box box-overlay dark\">\n              <div class=\"box-image\" >\n                <img decoding=\"async\" width=\"1024\" height=\"768\" src=\"https:\/\/www.egepolhospitals.com\/wp-content\/uploads\/5-1.jpg\" class=\"attachment-2048x2048 size-2048x2048\" alt=\"\" ids=\"5251,5254\" lightbox_image_size=\"2048x2048\" columns=\"2\" image_size=\"2048x2048\" srcset=\"https:\/\/www.egepolhospitals.com\/wp-content\/uploads\/5-1.jpg 1024w, https:\/\/www.egepolhospitals.com\/wp-content\/uploads\/5-1-533x400.jpg 533w, https:\/\/www.egepolhospitals.com\/wp-content\/uploads\/5-1-768x576.jpg 768w\" sizes=\"(max-width: 1024px) 100vw, 1024px\" title=\"\">                                  <div class=\"overlay fill\"\n                      style=\"background-color: rgba(0,0,0,.15)\">\n                  <\/div>\n                                                              <\/div>\n              <div class=\"box-text text-left\" >\n                 <p><\/p>\n              <\/div>\n            <\/div>\n            <\/a>          <\/div>\n         <\/div><\/div>\n\t\t<\/div>\n\t\t\t\t\t<\/div>\n\n\t\n<\/div>\n\t\t<\/div>\n\n\t\t\n<style>\n#section_762604227 {\n  padding-top: 30px;\n  padding-bottom: 30px;\n}\n#section_762604227 .ux-shape-divider--top svg {\n  height: 150px;\n  --divider-top-width: 100%;\n}\n#section_762604227 .ux-shape-divider--bottom svg {\n  height: 150px;\n  --divider-width: 100%;\n}\n<\/style>\n\t<\/section>\n\t\n","protected":false},"excerpt":{"rendered":"","protected":false},"author":1,"featured_media":5167,"parent":0,"menu_order":0,"comment_status":"closed","ping_status":"closed","template":"page-blank-title-center.php","meta":{"_joinchat":[],"footnotes":""},"class_list":["post-7459","page","type-page","status-publish","has-post-thumbnail","hentry"],"_links":{"self":[{"href":"https:\/\/www.egepolhospitals.com\/fr\/wp-json\/wp\/v2\/pages\/7459","targetHints":{"allow":["GET"]}}],"collection":[{"href":"https:\/\/www.egepolhospitals.com\/fr\/wp-json\/wp\/v2\/pages"}],"about":[{"href":"https:\/\/www.egepolhospitals.com\/fr\/wp-json\/wp\/v2\/types\/page"}],"author":[{"embeddable":true,"href":"https:\/\/www.egepolhospitals.com\/fr\/wp-json\/wp\/v2\/users\/1"}],"replies":[{"embeddable":true,"href":"https:\/\/www.egepolhospitals.com\/fr\/wp-json\/wp\/v2\/comments?post=7459"}],"version-history":[{"count":3,"href":"https:\/\/www.egepolhospitals.com\/fr\/wp-json\/wp\/v2\/pages\/7459\/revisions"}],"predecessor-version":[{"id":7463,"href":"https:\/\/www.egepolhospitals.com\/fr\/wp-json\/wp\/v2\/pages\/7459\/revisions\/7463"}],"wp:featuredmedia":[{"embeddable":true,"href":"https:\/\/www.egepolhospitals.com\/fr\/wp-json\/wp\/v2\/media\/5167"}],"wp:attachment":[{"href":"https:\/\/www.egepolhospitals.com\/fr\/wp-json\/wp\/v2\/media?parent=7459"}],"curies":[{"name":"wp","href":"https:\/\/api.w.org\/{rel}","templated":true}]}}