{"id":7392,"date":"2023-04-18T20:23:20","date_gmt":"2023-04-18T20:23:20","guid":{"rendered":"https:\/\/www.egepolhospitals.com\/?page_id=7392"},"modified":"2023-11-03T09:10:56","modified_gmt":"2023-11-03T09:10:56","slug":"notre-equipe","status":"publish","type":"page","link":"https:\/\/www.egepolhospitals.com\/fr\/notre-equipe\/","title":{"rendered":"NOTRE \u00c9QUIPE"},"content":{"rendered":"\t<section class=\"section\" id=\"section_2115623772\">\n\t\t<div class=\"bg section-bg fill bg-fill  \" >\n\n\t\t\t\n\t\t\t\n\t\t\t\n\n\t\t<\/div>\n\n\t\t\n\n\t\t<div class=\"section-content relative\">\n\t\t\t\n<div class=\"row\"  id=\"row-1859781243\">\n\n\t<div id=\"col-82055883\" class=\"col small-12 large-12\"  >\n\t\t\t\t<div class=\"col-inner\"  >\n\t\t\t\n\t\t\t\n  <div id=\"page-header-1611210252\" class=\"page-header-wrapper\">\n  <div class=\"page-title pageTitle light simple-title\">\n\n    \n    <div class=\"page-title-inner container align-center flex-row medium-flex-wrap\" >\n              <div class=\"title-wrapper uppercase flex-col text-left medium-text-center\">\n          <h1 class=\"entry-title mb-0\">\n            NOTRE \u00c9QUIPE          <\/h1>\n        <\/div>\n                    <div class=\"title-content flex-col flex-right text-right medium-text-center\">\n        <div class=\"title-breadcrumbs pb-half pt-half\"><\/div>      <\/div>\n    <\/div>\n\n       <\/div>\n    <\/div>\n  \n\t<div id=\"text-2666866641\" class=\"text pageBreadcrumbs\">\n\t\t\n\n\t\t\n<style>\n#text-2666866641 {\n  text-align: center;\n}\n@media (min-width:850px) {\n  #text-2666866641 {\n    text-align: left;\n  }\n}\n<\/style>\n\t<\/div>\n\t\n\t\t<\/div>\n\t\t\t\t\n<style>\n#col-82055883 > .col-inner {\n  padding: 2em 0px 0em 0px;\n}\n@media (min-width:850px) {\n  #col-82055883 > .col-inner {\n    padding: 4em 0px 1em 0px;\n  }\n}\n<\/style>\n\t<\/div>\n\n\t\n<\/div>\n\t\t<\/div>\n\n\t\t\n<style>\n#section_2115623772 {\n  padding-top: 0px;\n  padding-bottom: 0px;\n}\n#section_2115623772 .section-bg.bg-loaded {\n  background-image: url(https:\/\/www.egepolhospitals.com\/wp-content\/uploads\/egepol_banner.jpg);\n}\n#section_2115623772 .section-bg {\n  background-position: 0% 0%;\n}\n#section_2115623772 .ux-shape-divider--top svg {\n  height: 150px;\n  --divider-top-width: 100%;\n}\n#section_2115623772 .ux-shape-divider--bottom svg {\n  height: 150px;\n  --divider-width: 100%;\n}\n<\/style>\n\t<\/section>\n\t\n\t<section class=\"section\" id=\"section_1076366002\">\n\t\t<div class=\"bg section-bg fill bg-fill  bg-loaded\" >\n\n\t\t\t\n\t\t\t\n\t\t\t\n\n\t\t<\/div>\n\n\t\t\n\n\t\t<div class=\"section-content relative\">\n\t\t\t\n<div class=\"row row-large align-center\"  id=\"row-1292435534\">\n\n\t<div id=\"col-1405080728\" class=\"col ourTeamPerson medium-4 small-12 large-4\"  >\n\t\t\t\t<div class=\"col-inner text-center box-shadow-3\"  >\n\t\t\t\n\t\t\t\n\t<div class=\"box has-hover   has-hover box-text-bottom\" >\n\n\t\t<div class=\"box-image\" >\n\t\t\t\t\t\t<div class=\"\" >\n\t\t\t\t<img decoding=\"async\" width=\"370\" height=\"341\" src=\"https:\/\/www.egepolhospitals.com\/wp-content\/uploads\/kadir-calis-jpeg.webp\" class=\"attachment- size-\" alt=\"\" title=\"\">\t\t\t\t\t\t\t\t\t\t\t<\/div>\n\t\t\t\t\t<\/div>\n\n\t\t<div class=\"box-text text-center\" >\n\t\t\t<div class=\"box-text-inner\">\n\t\t\t\t\n<h4><span style=\"color: #013467;\">Kadir \u00c7al\u0131\u015f<\/span><\/h4>\n<p><strong>Directeur International de l&rsquo;Unit\u00e9 des Patients et de la Marque<\/strong><\/p>\n\t\t\t<\/div>\n\t\t<\/div>\n\t<\/div>\n\t\n\t\t<\/div>\n\t\t\t\t\t<\/div>\n\n\t\n\n\t<div id=\"col-227110856\" class=\"col ourTeamPerson medium-4 small-12 large-4\"  >\n\t\t\t\t<div class=\"col-inner box-shadow-3\"  >\n\t\t\t\n\t\t\t\n\t<div class=\"box has-hover   has-hover box-text-bottom\" >\n\n\t\t<div class=\"box-image\" >\n\t\t\t\t\t\t<div class=\"\" >\n\t\t\t\t<img decoding=\"async\" width=\"370\" height=\"341\" src=\"https:\/\/www.egepolhospitals.com\/wp-content\/uploads\/Hasan-Mengutay.png\" class=\"attachment- size-\" alt=\"\" title=\"\">\t\t\t\t\t\t\t\t\t\t\t<\/div>\n\t\t\t\t\t<\/div>\n\n\t\t<div class=\"box-text text-center\" >\n\t\t\t<div class=\"box-text-inner\">\n\t\t\t\t\n<h4>Hasan Mengutay<\/h4>\n<p><span style=\"color: #000000; font-weight: bold;\">Responsable des Op\u00e9rations Internationales<\/span><\/p>\n\t\t\t<\/div>\n\t\t<\/div>\n\t<\/div>\n\t\n\t\t<\/div>\n\t\t\t\t\t<\/div>\n\n\t\n\n\t<div id=\"col-1675912364\" class=\"col ourTeamPerson medium-4 small-12 large-4\"  >\n\t\t\t\t<div class=\"col-inner box-shadow-3\"  >\n\t\t\t\n\t\t\t\n\t<div class=\"box has-hover   has-hover box-text-bottom\" >\n\n\t\t<div class=\"box-image\" >\n\t\t\t\t\t\t<div class=\"\" >\n\t\t\t\t<img decoding=\"async\" width=\"370\" height=\"341\" src=\"https:\/\/www.egepolhospitals.com\/wp-content\/uploads\/Emine-Poyraz.png\" class=\"attachment- size-\" alt=\"\" title=\"\">\t\t\t\t\t\t\t\t\t\t\t<\/div>\n\t\t\t\t\t<\/div>\n\n\t\t<div class=\"box-text text-center\" >\n\t\t\t<div class=\"box-text-inner\">\n\t\t\t\t\n<h4><span style=\"color: #013467;\">Emine Poyraz<\/span><\/h4>\n<p><span style=\"color: #000000; font-weight: bold;\">Coordinatrice internationale des soins aux patients\u00a0<\/span><\/p>\n\t\t\t<\/div>\n\t\t<\/div>\n\t<\/div>\n\t\n\t\t<\/div>\n\t\t\t\t\t<\/div>\n\n\t\n\n\t<div id=\"col-342433729\" class=\"col ourTeamPerson medium-4 small-12 large-4\"  >\n\t\t\t\t<div class=\"col-inner box-shadow-3\"  >\n\t\t\t\n\t\t\t\n\t<div class=\"box has-hover   has-hover box-text-bottom\" >\n\n\t\t<div class=\"box-image\" >\n\t\t\t\t\t\t<div class=\"\" >\n\t\t\t\t<img decoding=\"async\" width=\"370\" height=\"341\" src=\"https:\/\/www.egepolhospitals.com\/wp-content\/uploads\/Pinar-Aydemir.png\" class=\"attachment- size-\" alt=\"\" title=\"\">\t\t\t\t\t\t\t\t\t\t\t<\/div>\n\t\t\t\t\t<\/div>\n\n\t\t<div class=\"box-text text-center\" >\n\t\t\t<div class=\"box-text-inner\">\n\t\t\t\t\n<h4>P\u0131nar Aydemir<\/h4>\n<p><span style=\"color: #000000; font-weight: bold;\">Manager des ventes internationales<\/span><\/p>\n\t\t\t<\/div>\n\t\t<\/div>\n\t<\/div>\n\t\n\t\t<\/div>\n\t\t\t\t\t<\/div>\n\n\t\n\n<style>\n#row-1292435534 > .col > .col-inner {\n  border-radius: 20px;\n}\n<\/style>\n<\/div>\n\t\t<\/div>\n\n\t\t\n<style>\n#section_1076366002 {\n  padding-top: 3em;\n  padding-bottom: 3em;\n}\n#section_1076366002 .ux-shape-divider--top svg {\n  height: 150px;\n  --divider-top-width: 100%;\n}\n#section_1076366002 .ux-shape-divider--bottom svg {\n  height: 150px;\n  --divider-width: 100%;\n}\n<\/style>\n\t<\/section>\n\t\n\t<section class=\"section\" id=\"section_1908127062\">\n\t\t<div class=\"bg section-bg fill bg-fill  bg-loaded\" >\n\n\t\t\t\n\t\t\t\n\t\t\t\n\n\t\t<\/div>\n\n\t\t\n\n\t\t<div class=\"section-content relative\">\n\t\t\t\n<div class=\"row row-large\"  id=\"row-1706948798\">\n\n\t<div id=\"col-750875975\" class=\"col ourTeamPerson medium-4 small-12 large-4\"  >\n\t\t\t\t<div class=\"col-inner box-shadow-3\"  >\n\t\t\t\n\t\t\t\n\t<div class=\"box has-hover   has-hover box-text-bottom\" >\n\n\t\t<div class=\"box-image\" >\n\t\t\t\t\t\t<div class=\"\" >\n\t\t\t\t<img decoding=\"async\" width=\"370\" height=\"341\" src=\"https:\/\/www.egepolhospitals.com\/wp-content\/uploads\/Cagatay-Demir.png\" class=\"attachment- size-\" alt=\"\" title=\"\">\t\t\t\t\t\t\t\t\t\t\t<\/div>\n\t\t\t\t\t<\/div>\n\n\t\t<div class=\"box-text text-center\" >\n\t\t\t<div class=\"box-text-inner\">\n\t\t\t\t\n<h4><span style=\"color: #013467;\">\u00c7a\u011fatay Demir<\/span><\/h4>\n<p><span style=\"color: #000000; font-weight: bold;\">D\u00e9partement des op\u00e9rations<\/span><\/p>\n\t\t\t<\/div>\n\t\t<\/div>\n\t<\/div>\n\t\n\t\t<\/div>\n\t\t\t\t\t<\/div>\n\n\t\n\n\t<div id=\"col-1155622146\" class=\"col ourTeamPerson medium-4 small-12 large-4\"  >\n\t\t\t\t<div class=\"col-inner box-shadow-3\"  >\n\t\t\t\n\t\t\t\n\t<div class=\"box has-hover   has-hover box-text-bottom\" >\n\n\t\t<div class=\"box-image\" >\n\t\t\t\t\t\t<div class=\"\" >\n\t\t\t\t<img decoding=\"async\" width=\"370\" height=\"341\" src=\"https:\/\/www.egepolhospitals.com\/wp-content\/uploads\/Victoriia-Serif-1.png\" class=\"attachment- size-\" alt=\"\" title=\"\">\t\t\t\t\t\t\t\t\t\t\t<\/div>\n\t\t\t\t\t<\/div>\n\n\t\t<div class=\"box-text text-center\" >\n\t\t\t<div class=\"box-text-inner\">\n\t\t\t\t\n<h4><span style=\"color: #013467;\">Victoriia \u015eerif<\/span><\/h4>\n<p><span style=\"color: #000000; font-weight: bold;\">D\u00e9partement des op\u00e9rations<\/span><\/p>\n\t\t\t<\/div>\n\t\t<\/div>\n\t<\/div>\n\t\n\t\t<\/div>\n\t\t\t\t\t<\/div>\n\n\t\n\n\t<div id=\"col-533014753\" class=\"col ourTeamPerson medium-4 small-12 large-4\"  >\n\t\t\t\t<div class=\"col-inner box-shadow-3\"  >\n\t\t\t\n\t\t\t\n\t<div class=\"box has-hover   has-hover box-text-bottom\" >\n\n\t\t<div class=\"box-image\" >\n\t\t\t\t\t\t<div class=\"\" >\n\t\t\t\t<img decoding=\"async\" width=\"370\" height=\"341\" src=\"https:\/\/www.egepolhospitals.com\/wp-content\/uploads\/Dog\u0306a-Songu\u0308r.png\" class=\"attachment- size-\" alt=\"\" title=\"\">\t\t\t\t\t\t\t\t\t\t\t<\/div>\n\t\t\t\t\t<\/div>\n\n\t\t<div class=\"box-text text-center\" >\n\t\t\t<div class=\"box-text-inner\">\n\t\t\t\t\n<h4><span style=\"color: #013467;\">Do\u011fa Song\u00fcr<\/span><\/h4>\n<p><span style=\"color: #000000; font-weight: bold;\">D\u00e9partement des op\u00e9rations<\/span><\/p>\n\t\t\t<\/div>\n\t\t<\/div>\n\t<\/div>\n\t\n\t\t<\/div>\n\t\t\t\t\t<\/div>\n\n\t\n\n\t<div id=\"col-1835999936\" class=\"col ourTeamPerson medium-4 small-12 large-4\"  >\n\t\t\t\t<div class=\"col-inner box-shadow-3\"  >\n\t\t\t\n\t\t\t\n\t<div class=\"box has-hover   has-hover box-text-bottom\" >\n\n\t\t<div class=\"box-image\" >\n\t\t\t\t\t\t<div class=\"\" >\n\t\t\t\t<img decoding=\"async\" width=\"370\" height=\"341\" src=\"https:\/\/www.egepolhospitals.com\/wp-content\/uploads\/ilayda-sevval-aksu.png\" class=\"attachment- size-\" alt=\"ilayda s\u0327evval aksu\" title=\"\">\t\t\t\t\t\t\t\t\t\t\t<\/div>\n\t\t\t\t\t<\/div>\n\n\t\t<div class=\"box-text text-center\" >\n\t\t\t<div class=\"box-text-inner\">\n\t\t\t\t\n<h4><span style=\"color: #013467;\">\u0130layda \u015eevval Aksu<\/span><\/h4>\n<p><span style=\"color: #000000; font-weight: bold;\">D\u00e9partement des ventes internationales<\/span><\/p>\n\t\t\t<\/div>\n\t\t<\/div>\n\t<\/div>\n\t\n\t\t<\/div>\n\t\t\t\t\t<\/div>\n\n\t\n\n\t<div id=\"col-1815942434\" class=\"col ourTeamPerson medium-4 small-12 large-4\"  >\n\t\t\t\t<div class=\"col-inner box-shadow-3\"  >\n\t\t\t\n\t\t\t\n\t<div class=\"box has-hover   has-hover box-text-bottom\" >\n\n\t\t<div class=\"box-image\" >\n\t\t\t\t\t\t<div class=\"\" >\n\t\t\t\t<img decoding=\"async\" width=\"370\" height=\"341\" src=\"https:\/\/www.egepolhospitals.com\/wp-content\/uploads\/Burak-Sezen.png\" class=\"attachment- size-\" alt=\"\" title=\"\">\t\t\t\t\t\t\t\t\t\t\t<\/div>\n\t\t\t\t\t<\/div>\n\n\t\t<div class=\"box-text text-center\" >\n\t\t\t<div class=\"box-text-inner\">\n\t\t\t\t\n<h4><span style=\"color: #013467;\">Burak Sezen<\/span><\/h4>\n<p><span style=\"color: #000000; font-weight: bold;\">D\u00e9partement des ventes internationales<\/span><\/p>\n\t\t\t<\/div>\n\t\t<\/div>\n\t<\/div>\n\t\n\t\t<\/div>\n\t\t\t\t\t<\/div>\n\n\t\n\n\t<div id=\"col-1673972061\" class=\"col ourTeamPerson medium-4 small-12 large-4\"  >\n\t\t\t\t<div class=\"col-inner box-shadow-3\"  >\n\t\t\t\n\t\t\t\n\t<div class=\"box has-hover   has-hover box-text-bottom\" >\n\n\t\t<div class=\"box-image\" >\n\t\t\t\t\t\t<div class=\"\" >\n\t\t\t\t<img decoding=\"async\" width=\"370\" height=\"341\" src=\"https:\/\/www.egepolhospitals.com\/wp-content\/uploads\/beyza-nur-sever.png\" class=\"attachment- size-\" alt=\"\" title=\"\">\t\t\t\t\t\t\t\t\t\t\t<\/div>\n\t\t\t\t\t<\/div>\n\n\t\t<div class=\"box-text text-center\" >\n\t\t\t<div class=\"box-text-inner\">\n\t\t\t\t\n<h4><span style=\"color: #013467;\">Beyza Nur Sever<\/span><\/h4>\n<p><span style=\"color: #000000; font-weight: bold;\">D\u00e9partement des ventes internationales<\/span><\/p>\n\t\t\t<\/div>\n\t\t<\/div>\n\t<\/div>\n\t\n\t\t<\/div>\n\t\t\t\t\t<\/div>\n\n\t\n\n<style>\n#row-1706948798 > .col > .col-inner {\n  border-radius: 20px;\n}\n<\/style>\n<\/div>\n\t\t<\/div>\n\n\t\t\n<style>\n#section_1908127062 {\n  padding-top: 3em;\n  padding-bottom: 3em;\n}\n#section_1908127062 .ux-shape-divider--top svg {\n  height: 150px;\n  --divider-top-width: 100%;\n}\n#section_1908127062 .ux-shape-divider--bottom svg {\n  height: 150px;\n  --divider-width: 100%;\n}\n<\/style>\n\t<\/section>\n\t\n","protected":false},"excerpt":{"rendered":"","protected":false},"author":1,"featured_media":0,"parent":0,"menu_order":0,"comment_status":"closed","ping_status":"closed","template":"","meta":{"_joinchat":[],"footnotes":""},"class_list":["post-7392","page","type-page","status-publish","hentry"],"_links":{"self":[{"href":"https:\/\/www.egepolhospitals.com\/fr\/wp-json\/wp\/v2\/pages\/7392","targetHints":{"allow":["GET"]}}],"collection":[{"href":"https:\/\/www.egepolhospitals.com\/fr\/wp-json\/wp\/v2\/pages"}],"about":[{"href":"https:\/\/www.egepolhospitals.com\/fr\/wp-json\/wp\/v2\/types\/page"}],"author":[{"embeddable":true,"href":"https:\/\/www.egepolhospitals.com\/fr\/wp-json\/wp\/v2\/users\/1"}],"replies":[{"embeddable":true,"href":"https:\/\/www.egepolhospitals.com\/fr\/wp-json\/wp\/v2\/comments?post=7392"}],"version-history":[{"count":3,"href":"https:\/\/www.egepolhospitals.com\/fr\/wp-json\/wp\/v2\/pages\/7392\/revisions"}],"predecessor-version":[{"id":12610,"href":"https:\/\/www.egepolhospitals.com\/fr\/wp-json\/wp\/v2\/pages\/7392\/revisions\/12610"}],"wp:attachment":[{"href":"https:\/\/www.egepolhospitals.com\/fr\/wp-json\/wp\/v2\/media?parent=7392"}],"curies":[{"name":"wp","href":"https:\/\/api.w.org\/{rel}","templated":true}]}}