{"id":9960,"date":"2023-05-22T11:23:36","date_gmt":"2023-05-22T11:23:36","guid":{"rendered":"https:\/\/www.egepolhospitals.com\/?page_id=9960"},"modified":"2023-07-18T11:32:50","modified_gmt":"2023-07-18T11:32:50","slug":"izmir-efes","status":"publish","type":"page","link":"https:\/\/www.egepolhospitals.com\/de\/izmir-efes\/","title":{"rendered":"\u0130zmir, Efes"},"content":{"rendered":"<div class=\"group w-full text-gray-800 dark:text-gray-100 border-b border-black\/10 dark:border-gray-900\/50 bg-gray-50 dark:bg-[#444654]\">\n<div class=\"flex p-4 gap-4 text-base md:gap-6 md:max-w-2xl lg:max-w-xl xl:max-w-3xl md:py-6 lg:px-0 m-auto\">\n<div class=\"relative flex w-[calc(100%-50px)] flex-col gap-1 md:gap-3 lg:w-[calc(100%-115px)]\">\n<div class=\"flex flex-grow flex-col gap-3\">\n<div class=\"min-h-[20px] flex flex-col items-start gap-4 whitespace-pre-wrap break-words\">\n<div class=\"markdown prose w-full break-words dark:prose-invert light\">\n\t<section class=\"section\" id=\"section_814788687\">\n\t\t<div class=\"bg section-bg fill bg-fill  bg-loaded\" >\n\n\t\t\t\n\t\t\t\n\t\t\t\n\n\t\t<\/div>\n\n\t\t\n\n\t\t<div class=\"section-content relative\">\n\t\t\t\n<div class=\"row\"  id=\"row-1926800083\">\n\n\t<div id=\"col-1893223464\" class=\"col small-12 large-12\"  >\n\t\t\t\t<div class=\"col-inner\"  >\n\t\t\t\n\t\t\t\n<p>Izmir liegt an der Westk\u00fcste der T\u00fcrkei und ist eine Stadt voller Geschichte und kulturellem Erbe. Einer ihrer bemerkenswertesten Sch\u00e4tze ist die antike Stadt Ephesus, eine arch\u00e4ologische St\u00e4tte, die jedes Jahr Millionen von Besuchern anzieht. Ephesus, auf T\u00fcrkisch auch Efes genannt, ist ein Freilichtmuseum, das einen Einblick in die faszinierende Welt der antiken Zivilisationen bietet. Dieser Artikel bietet eine ausf\u00fchrliche Einf\u00fchrung in \u0130zmir und Ephesus, beleuchtet deren Bedeutung und l\u00e4dt den Leser zu einer Reise durch die Zeit ein.<\/p>\n<h2>Izmir: Wo Moderne auf Antike trifft<\/h2>\n<p>Als eine der gr\u00f6\u00dften und bev\u00f6lkerungsreichsten St\u00e4dte der T\u00fcrkei bietet \u0130zmir eine lebendige Atmosph\u00e4re mit einer perfekten Mischung aus Moderne und Antike. Die malerische Uferpromenade der Stadt, bekannt als Kordon, bietet atemberaubende Ausblicke auf das \u00c4g\u00e4ische Meer und ist ein idealer Ort f\u00fcr gem\u00fctliche Spazierg\u00e4nge.<\/p>\n<p>Das gesch\u00e4ftige Stadtzentrum von Izmir ist voller lebhafter M\u00e4rkte, trendiger Caf\u00e9s und eines pulsierenden Nachtlebens. Besucher k\u00f6nnen auch die reiche Geschichte der Stadt erkunden, indem sie durch die alten Stra\u00dfen schlendern und historische Sehensw\u00fcrdigkeiten wie den Uhrturm von Izmir und die Burg Kadifekale besichtigen. Mit seiner dynamischen Energie und seinem tief verwurzelten historischen Hintergrund bereitet \u0130zmir die B\u00fchne f\u00fcr eine unvergessliche Reise durch die Zeit.<\/p>\n<h2>Ephesus: Enth\u00fcllung der Geheimnisse einer antiken Stadt<\/h2>\n<p>Nicht weit von Izmir entfernt liegt die beeindruckende antike Stadt Ephesus, die zum UNESCO-Weltkulturerbe geh\u00f6rt. Ephesus stammt aus dem 10. Jahrhundert v. Chr. und war einst eine bl\u00fchende Metropole und ein wichtiges Handels- und Kulturzentrum der Antike. Die Ruinen von Ephesus sind au\u00dfergew\u00f6hnlich gut erhalten und erm\u00f6glichen es Besuchern, in die Pracht vergangener Zeiten einzutauchen.<\/p>\n<p>Die Erkundung dieses arch\u00e4ologischen Wunders offenbart die Pracht der Celsus-Bibliothek, die beeindruckende Fassade des Gro\u00dfen Theaters und den beeindruckenden Tempel der Artemis, eines der sieben Weltwunder der Antike. Dar\u00fcber hinaus bieten die Reihenh\u00e4user, die f\u00fcr ihre gut erhaltenen Fresken und Mosaike bekannt sind, einen Einblick in das Leben der wohlhabenden B\u00fcrger von Ephesus. Wenn Besucher durch die alten Stra\u00dfen schlendern, k\u00f6nnen sie sich die gesch\u00e4ftigen M\u00e4rkte vorstellen, die mit aufwendigen Skulpturen geschm\u00fcckt und mit wundersch\u00f6nen Brunnen geschm\u00fcckt sind.<\/p>\n<p>Izmir und Ephesus sind Zeugnisse des reichen historischen und kulturellen Erbes der T\u00fcrkei. W\u00e4hrend \u0130zmir eine harmonische Mischung aus Moderne und antikem Charme bietet, nimmt uns Ephesus mit auf eine bezaubernde Reise durch die Zeit und bietet uns ein Fenster in die Vergangenheit.<\/p>\n<p>Beide Reiseziele bieten die M\u00f6glichkeit, in die faszinierende Welt der antiken Zivilisationen einzutauchen und die Errungenschaften unserer Vorfahren zu w\u00fcrdigen. Egal, ob Sie ein begeisterter Geschichtsliebhaber sind oder einfach nur neue Horizonte erkunden m\u00f6chten, Izmir und Ephesus versprechen ein unvergessliches Erlebnis, das Sie von den Wundern der Antike in Erstaunen versetzen wird.<\/p>\n\n  \n    <div class=\"row  lightbox-multi-gallery large-columns-4 medium-columns-3 small-columns-2 row-full-width slider row-slider slider-nav-reveal\"  data-flickity-options='{\"imagesLoaded\": true, \"groupCells\": \"100%\", \"dragThreshold\" : 5, \"cellAlign\": \"left\",\"wrapAround\": true,\"prevNextButtons\": true,\"percentPosition\": true,\"pageDots\": false, \"rightToLeft\": false, \"autoPlay\" : false}'>\n\n  <div class=\"gallery-col col\" >\n          <div class=\"col-inner\">\n            <a class=\"\" href=\"https:\/\/www.egepolhospitals.com\/wp-content\/uploads\/6-4.jpg\" title=\"\">            <div class=\"box has-hover gallery-box box-overlay dark\">\n              <div class=\"box-image\" >\n                <img decoding=\"async\" width=\"400\" height=\"400\" src=\"https:\/\/www.egepolhospitals.com\/wp-content\/uploads\/6-4-400x400.jpg\" class=\"attachment-medium size-medium\" alt=\"\" ids=\"3799,3798,3802,3800,3801,3803\" lightbox_image_size=\"2048x2048\" type=\"slider\" srcset=\"https:\/\/www.egepolhospitals.com\/wp-content\/uploads\/6-4-400x400.jpg 400w, https:\/\/www.egepolhospitals.com\/wp-content\/uploads\/6-4-800x800.jpg 800w, https:\/\/www.egepolhospitals.com\/wp-content\/uploads\/6-4-280x280.jpg 280w, https:\/\/www.egepolhospitals.com\/wp-content\/uploads\/6-4-768x768.jpg 768w, https:\/\/www.egepolhospitals.com\/wp-content\/uploads\/6-4.jpg 1024w\" sizes=\"(max-width: 400px) 100vw, 400px\" title=\"\">                                  <div class=\"overlay fill\"\n                      style=\"background-color: rgba(0,0,0,.15)\">\n                  <\/div>\n                                                              <\/div>\n              <div class=\"box-text text-left\" >\n                 <p><\/p>\n              <\/div>\n            <\/div>\n            <\/a>          <\/div>\n         <\/div><div class=\"gallery-col col\" >\n          <div class=\"col-inner\">\n            <a class=\"\" href=\"https:\/\/www.egepolhospitals.com\/wp-content\/uploads\/5-3.jpg\" title=\"\">            <div class=\"box has-hover gallery-box box-overlay dark\">\n              <div class=\"box-image\" >\n                <img decoding=\"async\" width=\"400\" height=\"400\" src=\"https:\/\/www.egepolhospitals.com\/wp-content\/uploads\/5-3-400x400.jpg\" class=\"attachment-medium size-medium\" alt=\"\" ids=\"3799,3798,3802,3800,3801,3803\" lightbox_image_size=\"2048x2048\" type=\"slider\" srcset=\"https:\/\/www.egepolhospitals.com\/wp-content\/uploads\/5-3-400x400.jpg 400w, https:\/\/www.egepolhospitals.com\/wp-content\/uploads\/5-3-800x800.jpg 800w, https:\/\/www.egepolhospitals.com\/wp-content\/uploads\/5-3-280x280.jpg 280w, https:\/\/www.egepolhospitals.com\/wp-content\/uploads\/5-3-768x768.jpg 768w, https:\/\/www.egepolhospitals.com\/wp-content\/uploads\/5-3.jpg 1024w\" sizes=\"(max-width: 400px) 100vw, 400px\" title=\"\">                                  <div class=\"overlay fill\"\n                      style=\"background-color: rgba(0,0,0,.15)\">\n                  <\/div>\n                                                              <\/div>\n              <div class=\"box-text text-left\" >\n                 <p><\/p>\n              <\/div>\n            <\/div>\n            <\/a>          <\/div>\n         <\/div><div class=\"gallery-col col\" >\n          <div class=\"col-inner\">\n            <a class=\"\" href=\"https:\/\/www.egepolhospitals.com\/wp-content\/uploads\/9-2.jpg\" title=\"\">            <div class=\"box has-hover gallery-box box-overlay dark\">\n              <div class=\"box-image\" >\n                <img decoding=\"async\" width=\"400\" height=\"400\" src=\"https:\/\/www.egepolhospitals.com\/wp-content\/uploads\/9-2-400x400.jpg\" class=\"attachment-medium size-medium\" alt=\"\" ids=\"3799,3798,3802,3800,3801,3803\" lightbox_image_size=\"2048x2048\" type=\"slider\" srcset=\"https:\/\/www.egepolhospitals.com\/wp-content\/uploads\/9-2-400x400.jpg 400w, https:\/\/www.egepolhospitals.com\/wp-content\/uploads\/9-2-800x800.jpg 800w, https:\/\/www.egepolhospitals.com\/wp-content\/uploads\/9-2-280x280.jpg 280w, https:\/\/www.egepolhospitals.com\/wp-content\/uploads\/9-2-768x768.jpg 768w, https:\/\/www.egepolhospitals.com\/wp-content\/uploads\/9-2.jpg 1024w\" sizes=\"(max-width: 400px) 100vw, 400px\" title=\"\">                                  <div class=\"overlay fill\"\n                      style=\"background-color: rgba(0,0,0,.15)\">\n                  <\/div>\n                                                              <\/div>\n              <div class=\"box-text text-left\" >\n                 <p><\/p>\n              <\/div>\n            <\/div>\n            <\/a>          <\/div>\n         <\/div><div class=\"gallery-col col\" >\n          <div class=\"col-inner\">\n            <a class=\"\" href=\"https:\/\/www.egepolhospitals.com\/wp-content\/uploads\/7-3.jpg\" title=\"\">            <div class=\"box has-hover gallery-box box-overlay dark\">\n              <div class=\"box-image\" >\n                <img decoding=\"async\" width=\"400\" height=\"400\" src=\"https:\/\/www.egepolhospitals.com\/wp-content\/uploads\/7-3-400x400.jpg\" class=\"attachment-medium size-medium\" alt=\"\" ids=\"3799,3798,3802,3800,3801,3803\" lightbox_image_size=\"2048x2048\" type=\"slider\" srcset=\"https:\/\/www.egepolhospitals.com\/wp-content\/uploads\/7-3-400x400.jpg 400w, https:\/\/www.egepolhospitals.com\/wp-content\/uploads\/7-3-800x800.jpg 800w, https:\/\/www.egepolhospitals.com\/wp-content\/uploads\/7-3-280x280.jpg 280w, https:\/\/www.egepolhospitals.com\/wp-content\/uploads\/7-3-768x768.jpg 768w, https:\/\/www.egepolhospitals.com\/wp-content\/uploads\/7-3.jpg 1024w\" sizes=\"(max-width: 400px) 100vw, 400px\" title=\"\">                                  <div class=\"overlay fill\"\n                      style=\"background-color: rgba(0,0,0,.15)\">\n                  <\/div>\n                                                              <\/div>\n              <div class=\"box-text text-left\" >\n                 <p><\/p>\n              <\/div>\n            <\/div>\n            <\/a>          <\/div>\n         <\/div><div class=\"gallery-col col\" >\n          <div class=\"col-inner\">\n            <a class=\"\" href=\"https:\/\/www.egepolhospitals.com\/wp-content\/uploads\/8-3.jpg\" title=\"\">            <div class=\"box has-hover gallery-box box-overlay dark\">\n              <div class=\"box-image\" >\n                <img decoding=\"async\" width=\"400\" height=\"400\" src=\"https:\/\/www.egepolhospitals.com\/wp-content\/uploads\/8-3-400x400.jpg\" class=\"attachment-medium size-medium\" alt=\"\" ids=\"3799,3798,3802,3800,3801,3803\" lightbox_image_size=\"2048x2048\" type=\"slider\" srcset=\"https:\/\/www.egepolhospitals.com\/wp-content\/uploads\/8-3-400x400.jpg 400w, https:\/\/www.egepolhospitals.com\/wp-content\/uploads\/8-3-800x800.jpg 800w, https:\/\/www.egepolhospitals.com\/wp-content\/uploads\/8-3-280x280.jpg 280w, https:\/\/www.egepolhospitals.com\/wp-content\/uploads\/8-3-768x768.jpg 768w, https:\/\/www.egepolhospitals.com\/wp-content\/uploads\/8-3.jpg 1024w\" sizes=\"(max-width: 400px) 100vw, 400px\" title=\"\">                                  <div class=\"overlay fill\"\n                      style=\"background-color: rgba(0,0,0,.15)\">\n                  <\/div>\n                                                              <\/div>\n              <div class=\"box-text text-left\" >\n                 <p><\/p>\n              <\/div>\n            <\/div>\n            <\/a>          <\/div>\n         <\/div><div class=\"gallery-col col\" >\n          <div class=\"col-inner\">\n            <a class=\"\" href=\"https:\/\/www.egepolhospitals.com\/wp-content\/uploads\/10-1.jpg\" title=\"\">            <div class=\"box has-hover gallery-box box-overlay dark\">\n              <div class=\"box-image\" >\n                <img decoding=\"async\" width=\"400\" height=\"400\" src=\"https:\/\/www.egepolhospitals.com\/wp-content\/uploads\/10-1-400x400.jpg\" class=\"attachment-medium size-medium\" alt=\"\" ids=\"3799,3798,3802,3800,3801,3803\" lightbox_image_size=\"2048x2048\" type=\"slider\" srcset=\"https:\/\/www.egepolhospitals.com\/wp-content\/uploads\/10-1-400x400.jpg 400w, https:\/\/www.egepolhospitals.com\/wp-content\/uploads\/10-1-800x800.jpg 800w, https:\/\/www.egepolhospitals.com\/wp-content\/uploads\/10-1-280x280.jpg 280w, https:\/\/www.egepolhospitals.com\/wp-content\/uploads\/10-1-768x768.jpg 768w, https:\/\/www.egepolhospitals.com\/wp-content\/uploads\/10-1.jpg 1024w\" sizes=\"(max-width: 400px) 100vw, 400px\" title=\"\">                                  <div class=\"overlay fill\"\n                      style=\"background-color: rgba(0,0,0,.15)\">\n                  <\/div>\n                                                              <\/div>\n              <div class=\"box-text text-left\" >\n                 <p><\/p>\n              <\/div>\n            <\/div>\n            <\/a>          <\/div>\n         <\/div><\/div>\n<h2>Das pr\u00e4chtige Ephesus: Ein Beweis f\u00fcr den r\u00f6mischen Einfallsreichtum<\/h2>\n<p>Ephesus mit seinen beeindruckenden Ruinen und seiner faszinierenden Geschichte ist ein Beweis f\u00fcr den Einfallsreichtum des R\u00f6mischen Reiches. Wenn Besucher durch die antike Stadt schlendern, werden sie in eine Zeit bemerkenswerter architektonischer Errungenschaften und kultureller Bedeutung zur\u00fcckversetzt. Der r\u00f6mische Einfluss zeigt sich in den gro\u00dfartigen Bauwerken, die Ephesus schm\u00fccken, wie etwa der ikonischen Celsus-Bibliothek, einem Meisterwerk r\u00f6mischer Ingenieurskunst und Design. Dieses pr\u00e4chtige Bauwerk mit seiner kunstvollen Fassade und den komplizierten Details beherbergte einst Tausende antiker Schriftrollen und diente als Symbol f\u00fcr Wissen und intellektuelles K\u00f6nnen.<\/p>\n<p>Das Gro\u00dfe Theater von Ephesus ist ein weiteres Zeugnis r\u00f6mischen Einfallsreichtums. Mit einer Kapazit\u00e4t von \u00fcber 25.000 Sitzpl\u00e4tzen war es eines der gr\u00f6\u00dften Theater seiner Zeit. Hier versammelten sich die alten R\u00f6mer, um Auff\u00fchrungen und Veranstaltungen beizuwohnen und so ihre Liebe zu Kunst und Unterhaltung zum Ausdruck zu bringen. Im gro\u00dfen Amphitheater des Theaters k\u00f6nnen Besucher fast die Echos der Vergangenheit h\u00f6ren und in die lebendige Atmosph\u00e4re eintauchen, die einst diese alten Mauern erf\u00fcllte.<\/p>\n<p>In Ephesus befand sich auch der Tempel der Artemis, eines der sieben Weltwunder der Antike. Dieser kolossale Tempel, der der griechischen G\u00f6ttin Artemis gewidmet war, war ein Wunder antiker Architektur. Seine majest\u00e4tischen S\u00e4ulen und komplizierten Skulpturen versetzten die Besucher in Ehrfurcht vor ihrer Pracht. Obwohl heute nur noch Fragmente des Tempels erhalten sind, ruft die St\u00e4tte immer noch ein Gef\u00fchl des Staunens und der Bewunderung f\u00fcr die Handwerkskunst der Antike hervor.<\/p>\n<p>\u00dcber diese ikonischen Bauwerke hinaus offenbart Ephesus anhand der Reihenh\u00e4user auch das t\u00e4gliche Leben seiner Bewohner. Diese elegant dekorierten H\u00e4user geh\u00f6rten den wohlhabenden B\u00fcrgern von Ephesus und bieten einen Einblick in den opulenten Lebensstil der Elite. Aufw\u00e4ndige Fresken, detaillierte Mosaike und gut erhaltene architektonische Besonderheiten zeugen vom k\u00fcnstlerischen Talent und der Raffinesse der damaligen Zeit.<\/p>\n<p>Ein Besuch in Ephesus ist eine Gelegenheit, die Gr\u00f6\u00dfe des R\u00f6mischen Reiches zu erleben und die immense kulturelle Bedeutung zu sch\u00e4tzen, die es hinterlassen hat. Die Kombination aus architektonischen Wunderwerken, historischen Wahrzeichen und der schieren Gr\u00f6\u00dfe von Ephesus macht es zu einem unvergleichlichen Reiseziel f\u00fcr diejenigen, die in die antike Welt eintauchen m\u00f6chten. Ephesus l\u00e4dt uns ein, \u00fcber die Errungenschaften der Vergangenheit nachzudenken und die Sch\u00f6nheit und Weisheit zu genie\u00dfen, die in seinen alten Mauern bewahrt wurde.<\/p>\n\t\t<\/div>\n\t\t\t\t\t<\/div>\n\n\t\n<\/div>\n\t\t<\/div>\n\n\t\t\n<style>\n#section_814788687 {\n  padding-top: 30px;\n  padding-bottom: 30px;\n}\n#section_814788687 .ux-shape-divider--top svg {\n  height: 150px;\n  --divider-top-width: 100%;\n}\n#section_814788687 .ux-shape-divider--bottom svg {\n  height: 150px;\n  --divider-width: 100%;\n}\n<\/style>\n\t<\/section>\n\t\n<\/p><\/div>\n<\/div>\n<\/div>\n<\/div>\n<\/div>\n<\/div>\n","protected":false},"excerpt":{"rendered":"","protected":false},"author":1,"featured_media":3635,"parent":0,"menu_order":0,"comment_status":"closed","ping_status":"closed","template":"page-blank-title-center.php","meta":{"_joinchat":[],"footnotes":""},"class_list":["post-9960","page","type-page","status-publish","has-post-thumbnail","hentry"],"_links":{"self":[{"href":"https:\/\/www.egepolhospitals.com\/de\/wp-json\/wp\/v2\/pages\/9960","targetHints":{"allow":["GET"]}}],"collection":[{"href":"https:\/\/www.egepolhospitals.com\/de\/wp-json\/wp\/v2\/pages"}],"about":[{"href":"https:\/\/www.egepolhospitals.com\/de\/wp-json\/wp\/v2\/types\/page"}],"author":[{"embeddable":true,"href":"https:\/\/www.egepolhospitals.com\/de\/wp-json\/wp\/v2\/users\/1"}],"replies":[{"embeddable":true,"href":"https:\/\/www.egepolhospitals.com\/de\/wp-json\/wp\/v2\/comments?post=9960"}],"version-history":[{"count":3,"href":"https:\/\/www.egepolhospitals.com\/de\/wp-json\/wp\/v2\/pages\/9960\/revisions"}],"predecessor-version":[{"id":9966,"href":"https:\/\/www.egepolhospitals.com\/de\/wp-json\/wp\/v2\/pages\/9960\/revisions\/9966"}],"wp:featuredmedia":[{"embeddable":true,"href":"https:\/\/www.egepolhospitals.com\/de\/wp-json\/wp\/v2\/media\/3635"}],"wp:attachment":[{"href":"https:\/\/www.egepolhospitals.com\/de\/wp-json\/wp\/v2\/media?parent=9960"}],"curies":[{"name":"wp","href":"https:\/\/api.w.org\/{rel}","templated":true}]}}