{"id":7484,"date":"2023-05-22T11:34:42","date_gmt":"2023-05-22T11:34:42","guid":{"rendered":"https:\/\/www.egepolhospitals.com\/?page_id=7484"},"modified":"2023-06-19T08:20:30","modified_gmt":"2023-06-19T08:20:30","slug":"cesme-izmir","status":"publish","type":"page","link":"https:\/\/www.egepolhospitals.com\/de\/cesme-izmir\/","title":{"rendered":"\u00c7e\u015fme, \u0130zmir"},"content":{"rendered":"<div class=\"group w-full text-gray-800 dark:text-gray-100 border-b border-black\/10 dark:border-gray-900\/50 bg-gray-50 dark:bg-[#444654]\">\n<div class=\"flex p-4 gap-4 text-base md:gap-6 md:max-w-2xl lg:max-w-xl xl:max-w-3xl md:py-6 lg:px-0 m-auto\">\n<div class=\"relative flex w-[calc(100%-50px)] flex-col gap-1 md:gap-3 lg:w-[calc(100%-115px)]\">\n<div class=\"flex flex-grow flex-col gap-3\">\n<div class=\"min-h-[20px] flex flex-col items-start gap-4 whitespace-pre-wrap break-words\">\n<div class=\"markdown prose w-full break-words dark:prose-invert light\">\t<section class=\"section\" id=\"section_236617358\">\n\t\t<div class=\"bg section-bg fill bg-fill  bg-loaded\" >\n\n\t\t\t\n\t\t\t\n\t\t\t\n\n\t\t<\/div>\n\n\t\t\n\n\t\t<div class=\"section-content relative\">\n\t\t\t<div class=\"row\"  id=\"row-1861923090\">\n\n\t<div id=\"col-1415183111\" class=\"col small-12 large-12\"  >\n\t\t\t\t<div class=\"col-inner\"  >\n\t\t\t\n\t\t\t\n<p>\u00c7e\u015fme ist eine charmante K\u00fcstenstadt in der Provinz Izmir in der T\u00fcrkei. Die an der \u00c4g\u00e4is gelegene Stadt ist bekannt f\u00fcr ihre unber\u00fchrten Str\u00e4nde, ihr kristallklares t\u00fcrkisfarbenes Wasser und ihre historischen St\u00e4tten.<\/p>\n<p>Eine der Hauptattraktionen von \u00c7e\u015fme sind seine atemberaubenden Str\u00e4nde. Die Stadt ist mit einer langen K\u00fcste gesegnet, die mit wundersch\u00f6nen Sandstr\u00e4nden wie dem Alt\u0131nkum-Strand, dem P\u0131rlanta-Strand und dem Ilica-Strand geschm\u00fcckt ist. Diese Str\u00e4nde bieten einen perfekten R\u00fcckzugsort f\u00fcr Sonnenanbeter und Wassersportler gleicherma\u00dfen. Besucher k\u00f6nnen sich in der Sonne sonnen, ein erfrischendes Bad im azurblauen Wasser nehmen oder Aktivit\u00e4ten wie Schnorcheln, Tauchen und Windsurfen nachgehen.<\/p>\n\t<div class=\"img has-hover x md-x lg-x y md-y lg-y\" id=\"image_829301618\">\n\t\t\t\t\t\t\t\t<div class=\"img-inner dark\" >\n\t\t\t<img decoding=\"async\" width=\"1140\" height=\"500\" src=\"https:\/\/www.egepolhospitals.com\/wp-content\/uploads\/Cesme.jpg\" class=\"attachment-2048x2048 size-2048x2048\" alt=\"\" srcset=\"https:\/\/www.egepolhospitals.com\/wp-content\/uploads\/Cesme.jpg 1140w, https:\/\/www.egepolhospitals.com\/wp-content\/uploads\/Cesme-800x351.jpg 800w, https:\/\/www.egepolhospitals.com\/wp-content\/uploads\/Cesme-768x337.jpg 768w\" sizes=\"(max-width: 1140px) 100vw, 1140px\" title=\"\">\t\t\t\t\t\t\n\t\t\t\t\t<\/div>\n\t\t\t\t\t\t\t\t\n<style>\n#image_829301618 {\n  width: 100%;\n}\n<\/style>\n\t<\/div>\n\t\n<div><span style=\"color: #555555;\">Neben seinen malerischen Str\u00e4nden ist \u00c7e\u015fme auch f\u00fcr seine Thermalquellen bekannt. In der Region gibt es zahlreiche nat\u00fcrliche hei\u00dfe Quellen, denen therapeutische Eigenschaften zugeschrieben werden. Besucher k\u00f6nnen in Thermalb\u00e4dern entspannen oder sich in den verschiedenen Wellnesszentren der Umgebung mit Spa-Behandlungen verw\u00f6hnen lassen. Das Heilwasser von \u00c7e\u015fme zieht Touristen an, die Erholung und Wohlbefinden suchen.<\/span><\/div>\n<p>\u00c7e\u015fme ist auch eine Fundgrube historischer St\u00e4tten. Die Burg von \u00c7e\u015fme steht stolz im Stadtzentrum mit Blick auf den Hafen. Das im 16. Jahrhundert erbaute Schloss bietet einen Panoramablick auf die Umgebung und dient als Museum, in dem Artefakte aus verschiedenen Epochen der Geschichte von \u00c7e\u015fme ausgestellt sind. In der N\u00e4he befindet sich die osmanische Karawanserei, bekannt als Ala\u00e7at\u0131-Karawanserei, ein gut erhaltenes Beispiel osmanischer Architektur und Austragungsort verschiedener kultureller Veranstaltungen.<\/p>\n<p>Die Stadt Ala\u00e7at\u0131, ein Teil von \u00c7e\u015fme, ist ein charmantes Viertel, das mit seinen engen Kopfsteinpflasterstra\u00dfen, historischen Steinh\u00e4usern und seiner lebendigen Atmosph\u00e4re Besucher anzieht. Ala\u00e7at\u0131 ist ber\u00fchmt f\u00fcr sein pulsierendes Nachtleben, seine Boutiquen und lebhaften Stra\u00dfenm\u00e4rkte. Besucher k\u00f6nnen die \u00f6rtlichen Boutiquen erkunden, die handgefertigtes Kunsthandwerk anbieten, die k\u00f6stliche \u00e4g\u00e4ische K\u00fcche in urigen Restaurants probieren und in die energiegeladene Atmosph\u00e4re der Stadt eintauchen.<\/p>\n\n  \n    <div class=\"row  lightbox-multi-gallery large-columns-4 medium-columns-3 small-columns-2\">\n  <div class=\"gallery-col col\" >\n          <div class=\"col-inner\">\n            <a class=\"\" href=\"https:\/\/www.egepolhospitals.com\/wp-content\/uploads\/8-1.jpg\" title=\"\">            <div class=\"box has-hover gallery-box box-overlay dark\">\n              <div class=\"box-image\" >\n                <img decoding=\"async\" width=\"533\" height=\"400\" src=\"https:\/\/www.egepolhospitals.com\/wp-content\/uploads\/8-1-533x400.jpg\" class=\"attachment-medium size-medium\" alt=\"\" ids=\"3642,3641,3639,3635\" srcset=\"https:\/\/www.egepolhospitals.com\/wp-content\/uploads\/8-1-533x400.jpg 533w, https:\/\/www.egepolhospitals.com\/wp-content\/uploads\/8-1-768x576.jpg 768w, https:\/\/www.egepolhospitals.com\/wp-content\/uploads\/8-1.jpg 1024w\" sizes=\"(max-width: 533px) 100vw, 533px\" title=\"\">                                  <div class=\"overlay fill\"\n                      style=\"background-color: rgba(0,0,0,.15)\">\n                  <\/div>\n                                                              <\/div>\n              <div class=\"box-text text-left\" >\n                 <p><\/p>\n              <\/div>\n            <\/div>\n            <\/a>          <\/div>\n         <\/div><div class=\"gallery-col col\" >\n          <div class=\"col-inner\">\n            <a class=\"\" href=\"https:\/\/www.egepolhospitals.com\/wp-content\/uploads\/7-1.jpg\" title=\"\">            <div class=\"box has-hover gallery-box box-overlay dark\">\n              <div class=\"box-image\" >\n                <img decoding=\"async\" width=\"533\" height=\"400\" src=\"https:\/\/www.egepolhospitals.com\/wp-content\/uploads\/7-1-533x400.jpg\" class=\"attachment-medium size-medium\" alt=\"\" ids=\"3642,3641,3639,3635\" srcset=\"https:\/\/www.egepolhospitals.com\/wp-content\/uploads\/7-1-533x400.jpg 533w, https:\/\/www.egepolhospitals.com\/wp-content\/uploads\/7-1-768x576.jpg 768w, https:\/\/www.egepolhospitals.com\/wp-content\/uploads\/7-1.jpg 1024w\" sizes=\"(max-width: 533px) 100vw, 533px\" title=\"\">                                  <div class=\"overlay fill\"\n                      style=\"background-color: rgba(0,0,0,.15)\">\n                  <\/div>\n                                                              <\/div>\n              <div class=\"box-text text-left\" >\n                 <p><\/p>\n              <\/div>\n            <\/div>\n            <\/a>          <\/div>\n         <\/div><div class=\"gallery-col col\" >\n          <div class=\"col-inner\">\n            <a class=\"\" href=\"https:\/\/www.egepolhospitals.com\/wp-content\/uploads\/6-1.jpg\" title=\"\">            <div class=\"box has-hover gallery-box box-overlay dark\">\n              <div class=\"box-image\" >\n                <img decoding=\"async\" width=\"533\" height=\"400\" src=\"https:\/\/www.egepolhospitals.com\/wp-content\/uploads\/6-1-533x400.jpg\" class=\"attachment-medium size-medium\" alt=\"\" ids=\"3642,3641,3639,3635\" srcset=\"https:\/\/www.egepolhospitals.com\/wp-content\/uploads\/6-1-533x400.jpg 533w, https:\/\/www.egepolhospitals.com\/wp-content\/uploads\/6-1-768x576.jpg 768w, https:\/\/www.egepolhospitals.com\/wp-content\/uploads\/6-1.jpg 1024w\" sizes=\"(max-width: 533px) 100vw, 533px\" title=\"\">                                  <div class=\"overlay fill\"\n                      style=\"background-color: rgba(0,0,0,.15)\">\n                  <\/div>\n                                                              <\/div>\n              <div class=\"box-text text-left\" >\n                 <p><\/p>\n              <\/div>\n            <\/div>\n            <\/a>          <\/div>\n         <\/div><div class=\"gallery-col col\" >\n          <div class=\"col-inner\">\n            <a class=\"\" href=\"https:\/\/www.egepolhospitals.com\/wp-content\/uploads\/2-1.jpg\" title=\"\">            <div class=\"box has-hover gallery-box box-overlay dark\">\n              <div class=\"box-image\" >\n                <img decoding=\"async\" width=\"533\" height=\"400\" src=\"https:\/\/www.egepolhospitals.com\/wp-content\/uploads\/2-1-533x400.jpg\" class=\"attachment-medium size-medium\" alt=\"\" ids=\"3642,3641,3639,3635\" srcset=\"https:\/\/www.egepolhospitals.com\/wp-content\/uploads\/2-1-533x400.jpg 533w, https:\/\/www.egepolhospitals.com\/wp-content\/uploads\/2-1-768x576.jpg 768w, https:\/\/www.egepolhospitals.com\/wp-content\/uploads\/2-1.jpg 1024w\" sizes=\"(max-width: 533px) 100vw, 533px\" title=\"\">                                  <div class=\"overlay fill\"\n                      style=\"background-color: rgba(0,0,0,.15)\">\n                  <\/div>\n                                                              <\/div>\n              <div class=\"box-text text-left\" >\n                 <p><\/p>\n              <\/div>\n            <\/div>\n            <\/a>          <\/div>\n         <\/div><\/div>\n<div>\n<div>\n<div>\n<p>\u00c7e\u015fme ist auch f\u00fcr seine kulinarischen K\u00f6stlichkeiten bekannt. Die Stadt bietet eine gro\u00dfe Auswahl an Restaurants und Fischlokalen, in denen Besucher fangfrischen Fisch und andere k\u00f6stliche \u00e4g\u00e4ische Spezialit\u00e4ten genie\u00dfen k\u00f6nnen. Ganz gleich, ob Sie eine gem\u00fctliche Mahlzeit am Meer genie\u00dfen oder sich Streetfood g\u00f6nnen, \u00c7e\u015fme bietet eine gastronomische Reise, die den Gaumen erfreut.<\/p>\n<p>Abgesehen von den Str\u00e4nden und historischen St\u00e4tten ist \u00c7e\u015fme ein florierendes Zentrum f\u00fcr kulturelle Veranstaltungen. Das j\u00e4hrliche Internationale \u00c7e\u015fme-Festival bringt K\u00fcnstler, Musiker und Interpreten aus der ganzen Welt zusammen und bietet ein vielf\u00e4ltiges Angebot an Konzerten, Ausstellungen und Unterhaltung. Das Festival pr\u00e4sentiert die lebendige Kulturszene der Stadt und st\u00e4rkt ihren Ruf als Kulturreiseziel.<\/p>\n<p>Zusammenfassend l\u00e4sst sich sagen, dass \u00c7e\u015fme eine faszinierende K\u00fcstenstadt ist, die nat\u00fcrliche Sch\u00f6nheit, historischen Reichtum und kulturelle Lebendigkeit nahtlos miteinander verbindet. Mit seinen atemberaubenden Str\u00e4nden, erfrischenden Thermalquellen, historischen Sehensw\u00fcrdigkeiten, kulinarischen K\u00f6stlichkeiten und lebhaften Veranstaltungen bietet \u00c7e\u015fme seinen Besuchern ein wirklich unvergessliches Erlebnis. Es ist ein Reiseziel, das den W\u00fcnschen nach Entspannung, Erkundung und kulturellem Eintauchen gerecht wird und es zu einem beliebten Ort an der \u00c4g\u00e4isk\u00fcste der T\u00fcrkei macht.<\/p>\n<\/div>\n<\/div>\n<\/div>\n\t\t<\/div>\n\t\t\t\t\t<\/div>\n\n\t\n<\/div>\n\t\t<\/div>\n\n\t\t\n<style>\n#section_236617358 {\n  padding-top: 30px;\n  padding-bottom: 30px;\n}\n#section_236617358 .ux-shape-divider--top svg {\n  height: 150px;\n  --divider-top-width: 100%;\n}\n#section_236617358 .ux-shape-divider--bottom svg {\n  height: 150px;\n  --divider-width: 100%;\n}\n<\/style>\n\t<\/section>\n\t\n<\/div>\n<\/div>\n<\/div>\n<\/div>\n<\/div>\n<\/div>\n","protected":false},"excerpt":{"rendered":"","protected":false},"author":1,"featured_media":3610,"parent":0,"menu_order":0,"comment_status":"closed","ping_status":"closed","template":"page-blank-title-center.php","meta":{"_joinchat":[],"footnotes":""},"class_list":["post-7484","page","type-page","status-publish","has-post-thumbnail","hentry"],"_links":{"self":[{"href":"https:\/\/www.egepolhospitals.com\/de\/wp-json\/wp\/v2\/pages\/7484","targetHints":{"allow":["GET"]}}],"collection":[{"href":"https:\/\/www.egepolhospitals.com\/de\/wp-json\/wp\/v2\/pages"}],"about":[{"href":"https:\/\/www.egepolhospitals.com\/de\/wp-json\/wp\/v2\/types\/page"}],"author":[{"embeddable":true,"href":"https:\/\/www.egepolhospitals.com\/de\/wp-json\/wp\/v2\/users\/1"}],"replies":[{"embeddable":true,"href":"https:\/\/www.egepolhospitals.com\/de\/wp-json\/wp\/v2\/comments?post=7484"}],"version-history":[{"count":3,"href":"https:\/\/www.egepolhospitals.com\/de\/wp-json\/wp\/v2\/pages\/7484\/revisions"}],"predecessor-version":[{"id":7488,"href":"https:\/\/www.egepolhospitals.com\/de\/wp-json\/wp\/v2\/pages\/7484\/revisions\/7488"}],"wp:featuredmedia":[{"embeddable":true,"href":"https:\/\/www.egepolhospitals.com\/de\/wp-json\/wp\/v2\/media\/3610"}],"wp:attachment":[{"href":"https:\/\/www.egepolhospitals.com\/de\/wp-json\/wp\/v2\/media?parent=7484"}],"curies":[{"name":"wp","href":"https:\/\/api.w.org\/{rel}","templated":true}]}}