{"id":6597,"date":"2023-04-20T08:39:59","date_gmt":"2023-04-20T08:39:59","guid":{"rendered":"https:\/\/www.egepolhospitals.com\/?page_id=6597"},"modified":"2023-06-16T11:23:13","modified_gmt":"2023-06-16T11:23:13","slug":"kardiovaskulaere-chirurgie","status":"publish","type":"page","link":"https:\/\/www.egepolhospitals.com\/de\/kardiovaskulaere-chirurgie\/","title":{"rendered":"Kardiovaskul\u00e4re Chirurgie"},"content":{"rendered":"\t<section class=\"section\" id=\"section_1162412098\">\n\t\t<div class=\"bg section-bg fill bg-fill  \" >\n\n\t\t\t\n\t\t\t\n\t\t\t\n\n\t\t<\/div>\n\n\t\t\n\n\t\t<div class=\"section-content relative\">\n\t\t\t\n<div class=\"row\"  id=\"row-606711527\">\n\n\t<div id=\"col-993926208\" class=\"col small-12 large-12\"  >\n\t\t\t\t<div class=\"col-inner\"  >\n\t\t\t\n\t\t\t\n  <div id=\"page-header-413681119\" class=\"page-header-wrapper\">\n  <div class=\"page-title pageTitle light simple-title\">\n\n    \n    <div class=\"page-title-inner container align-center flex-row medium-flex-wrap\" >\n              <div class=\"title-wrapper uppercase flex-col text-left medium-text-center\">\n          <h1 class=\"entry-title mb-0\">\n            Kardiovaskul\u00e4re Chirurgie          <\/h1>\n        <\/div>\n                    <div class=\"title-content flex-col flex-right text-right medium-text-center\">\n        <div class=\"title-breadcrumbs pb-half pt-half\"><\/div>      <\/div>\n    <\/div>\n\n       <\/div>\n    <\/div>\n  \n\t<div id=\"text-876791877\" class=\"text pageBreadcrumbs\">\n\t\t\n\n\t\t\n<style>\n#text-876791877 {\n  text-align: center;\n}\n@media (min-width:850px) {\n  #text-876791877 {\n    text-align: left;\n  }\n}\n<\/style>\n\t<\/div>\n\t\n\t\t<\/div>\n\t\t\t\t\n<style>\n#col-993926208 > .col-inner {\n  padding: 2em 0px 0em 0px;\n}\n@media (min-width:850px) {\n  #col-993926208 > .col-inner {\n    padding: 4em 0px 1em 0px;\n  }\n}\n<\/style>\n\t<\/div>\n\n\t\n<\/div>\n\t\t<\/div>\n\n\t\t\n<style>\n#section_1162412098 {\n  padding-top: 0px;\n  padding-bottom: 0px;\n}\n#section_1162412098 .section-bg.bg-loaded {\n  background-image: url(https:\/\/www.egepolhospitals.com\/wp-content\/uploads\/egepol_banner.jpg);\n}\n#section_1162412098 .section-bg {\n  background-position: 0% 5%;\n}\n#section_1162412098 .ux-shape-divider--top svg {\n  height: 150px;\n  --divider-top-width: 100%;\n}\n#section_1162412098 .ux-shape-divider--bottom svg {\n  height: 150px;\n  --divider-width: 100%;\n}\n<\/style>\n\t<\/section>\n\t\n\t<section class=\"section\" id=\"section_1596852338\">\n\t\t<div class=\"bg section-bg fill bg-fill  bg-loaded\" >\n\n\t\t\t\n\t\t\t\n\t\t\t\n\n\t\t<\/div>\n\n\t\t\n\n\t\t<div class=\"section-content relative\">\n\t\t\t\n<div class=\"row\"  id=\"row-104367906\">\n\n\t<div id=\"col-138591620\" class=\"col small-12 large-12\"  >\n\t\t\t\t<div class=\"col-inner\"  >\n\t\t\t\n\t\t\t\n<p><span style=\"font-weight: 400;\">Die kardiovaskul\u00e4re Chirurgie, auch als Herzchirurgie bekannt, ist ein spezialisiertes medizinisches Fachgebiet, das sich mit chirurgischen Eingriffen am Herzen und den Blutgef\u00e4\u00dfen befasst. Sie konzentriert sich auf die Diagnose, Behandlung und das Management von Erkrankungen des kardiovaskul\u00e4ren Systems. Das kardiovaskul\u00e4re System umfasst das Herz, die Blutgef\u00e4\u00dfe und den Blutkreislauf.<\/span><\/p>\n<p>Die kardiovaskul\u00e4re Chirurgie wird durchgef\u00fchrt, um verschiedene Herz- und Gef\u00e4\u00dfkrankheiten zu behandeln, darunter:<\/p>\n<ul>\n<li><strong>Koronare Herzkrankheit:<\/strong> Verfahren wie die koronare Bypass-Operation (CABG) werden durchgef\u00fchrt, um verengte oder blockierte Koronararterien zu umgehen und den Blutfluss zum Herzmuskel wiederherzustellen.<\/li>\n<li><span style=\"font-weight: 400;\"><strong>Herzklappenerkrankungen:<\/strong> Chirurgische Eingriffe k\u00f6nnen eine Reparatur oder den Ersatz besch\u00e4digter oder erkrankter Herzklappen umfassen, um den normalen Blutfluss wiederherzustellen und die Herzfunktion zu verbessern.<\/span><\/li>\n<li><span style=\"font-weight: 400;\">Angeborene Herzfehler: Hierbei handelt es sich um angeborene Herzstrukturfehler. Chirurgische Eingriffe k\u00f6nnen diese Defekte korrigieren und die Herzfunktion verbessern.<\/span><\/li>\n<li><span style=\"font-weight: 400;\"><strong>Aortenaneurysma:<\/strong> Eine Operation kann erforderlich sein, um einen geschw\u00e4chten oder ausgeweiteten Abschnitt der Aorta, der Hauptschlagader, zu reparieren oder zu ersetzen, die das Blut vom Herzen in den K\u00f6rper transportiert.<\/span><\/li>\n<li><span style=\"font-weight: 400;\"><strong>Arrhythmien:<\/strong> Einige Herzrhythmusst\u00f6rungen erfordern m\u00f6glicherweise eine chirurgische Behandlung, wie die Implantation von Herzschrittmachern oder implantierbaren Kardioverter-Defibrillatoren (ICDs), um die elektrische Aktivit\u00e4t des Herzens zu regulieren und zu stabilisieren.<\/span><\/li>\n<\/ul>\n<p><span style=\"font-weight: 400;\">W\u00e4hrend der kardiovaskul\u00e4ren Chirurgie verwenden hochqualifizierte Herz-Thorax-Chirurgen spezialisierte Techniken und Ger\u00e4te, um die Verfahren durchzuf\u00fchren. Die Operation kann eine \u00d6ffnung des Brustkorbs (offene Herzchirurgie) oder minimalinvasive Techniken umfassen, wie die roboterassistierte Chirurgie oder katheterbasierte Verfahren.<\/span><\/p>\n<p>Die postoperative Betreuung ist f\u00fcr eine erfolgreiche Genesung von entscheidender Bedeutung. Die Patienten werden nach der Operation engmaschig auf der Intensivstation oder der herzmedizinischen \u00dcberwachungseinheit \u00fcberwacht. Ihnen werden geeignete Medikamente, Schmerzmanagement und unterst\u00fctzende Ma\u00dfnahmen verabreicht, um eine ordnungsgem\u00e4\u00dfe Heilung zu gew\u00e4hrleisten und das Risiko von Komplikationen zu verringern. Die kardiologische Rehabilitation und regelm\u00e4\u00dfige Nachsorgetermine sind ebenfalls ein wichtiger Bestandteil des Genesungsprozesses, um langfristige Ergebnisse und die allgemeine kardiovaskul\u00e4re Gesundheit zu optimieren.<\/p>\n<p>Die kardiovaskul\u00e4re Chirurgie spielt eine entscheidende Rolle bei der Behandlung komplexer Herz- und Gef\u00e4\u00dferkrankungen und hilft den Patienten, ihre Lebensqualit\u00e4t zu verbessern und in einigen F\u00e4llen sogar Leben zu retten.<\/p>\n\t\t<\/div>\n\t\t\t\t\t<\/div>\n\n\t\n<\/div>\n  <div id=\"page-header-1456587790\" class=\"page-header-wrapper\">\n  <div class=\"page-title pageTitle light simple-title\">\n\n    \n    <div class=\"page-title-inner container align-center text-center flex-row-col medium-flex-wrap\" >\n              <div class=\"title-wrapper flex-col\">\n          <h1 class=\"entry-title mb-0\">\n            Operationen          <\/h1>\n        <\/div>\n                    <div class=\"title-content flex-col\">\n        <div class=\"title-breadcrumbs pb-half pt-half\"><\/div>      <\/div>\n    <\/div>\n\n       <\/div>\n    <\/div>\n  \n\n  \n    <div class=\"row pagesTreatments large-columns-4 medium-columns-3 small-columns-1 slider row-slider slider-nav-reveal\"  data-flickity-options='{\"imagesLoaded\": true, \"groupCells\": \"100%\", \"dragThreshold\" : 5, \"cellAlign\": \"left\",\"wrapAround\": true,\"prevNextButtons\": true,\"percentPosition\": true,\"pageDots\": false, \"rightToLeft\": false, \"autoPlay\" : false}'>\n\n  <div class=\"page-col col\" >\n          <div class=\"col-inner\" >\n          <a class=\"block plain\" href=\"https:\/\/www.egepolhospitals.com\/de\/kardiovaskulaere-chirurgie\/kardiovaskulaere-chirurgie\/\" title=\"Kardiovaskul\u00e4re Chirurgie\" target=\"\">\n            <div class=\"page-box box has-hover box-push\">\n                  <div class=\"box-image\" style=\"width:90%;\">\n                      <div class=\"box-image\" >\n                      <img decoding=\"async\" width=\"400\" height=\"400\" src=\"https:\/\/www.egepolhospitals.com\/wp-content\/uploads\/CARDIOVASCULAR-SURGERY-1-400x400.jpg\" class=\"attachment-medium size-medium\" alt=\"\" srcset=\"https:\/\/www.egepolhospitals.com\/wp-content\/uploads\/CARDIOVASCULAR-SURGERY-1-400x400.jpg 400w, https:\/\/www.egepolhospitals.com\/wp-content\/uploads\/CARDIOVASCULAR-SURGERY-1-280x280.jpg 280w, https:\/\/www.egepolhospitals.com\/wp-content\/uploads\/CARDIOVASCULAR-SURGERY-1.jpg 540w\" sizes=\"(max-width: 400px) 100vw, 400px\" title=\"\">                      <\/div>\n                                                              <\/div>\n                  <div class=\"box-text text-center dark\" style=\"background-color:rgb(1, 52, 103);\">\n                        <div class=\"box-text-inner\">\n                            <p>Kardiovaskul\u00e4re Chirurgie<\/p>\n                        <\/div>\n                  <\/div>\n              <\/div>\n            <\/a>\n            <\/div>\n          <\/div><div class=\"page-col col\" >\n          <div class=\"col-inner\" >\n          <a class=\"block plain\" href=\"https:\/\/www.egepolhospitals.com\/de\/kardiovaskulaere-chirurgie\/herzchirurgie-methoden\/\" title=\"Herzchirurgie-Methoden\" target=\"\">\n            <div class=\"page-box box has-hover box-push\">\n                  <div class=\"box-image\" style=\"width:90%;\">\n                      <div class=\"box-image\" >\n                      <img decoding=\"async\" width=\"400\" height=\"400\" src=\"https:\/\/www.egepolhospitals.com\/wp-content\/uploads\/HEART-SURGERY-2-400x400.jpg\" class=\"attachment-medium size-medium\" alt=\"\" srcset=\"https:\/\/www.egepolhospitals.com\/wp-content\/uploads\/HEART-SURGERY-2-400x400.jpg 400w, https:\/\/www.egepolhospitals.com\/wp-content\/uploads\/HEART-SURGERY-2-280x280.jpg 280w, https:\/\/www.egepolhospitals.com\/wp-content\/uploads\/HEART-SURGERY-2.jpg 540w\" sizes=\"(max-width: 400px) 100vw, 400px\" title=\"\">                      <\/div>\n                                                              <\/div>\n                  <div class=\"box-text text-center dark\" style=\"background-color:rgb(1, 52, 103);\">\n                        <div class=\"box-text-inner\">\n                            <p>Herzchirurgie-Methoden<\/p>\n                        <\/div>\n                  <\/div>\n              <\/div>\n            <\/a>\n            <\/div>\n          <\/div><\/div>\n\t\t<\/div>\n\n\t\t\n<style>\n#section_1596852338 {\n  padding-top: 5em;\n  padding-bottom: 5em;\n  background-color: rgb(255, 255, 255);\n}\n#section_1596852338 .ux-shape-divider--top svg {\n  height: 150px;\n  --divider-top-width: 100%;\n}\n#section_1596852338 .ux-shape-divider--bottom svg {\n  height: 150px;\n  --divider-width: 100%;\n}\n<\/style>\n\t<\/section>\n\t\n","protected":false},"excerpt":{"rendered":"","protected":false},"author":1,"featured_media":0,"parent":0,"menu_order":0,"comment_status":"closed","ping_status":"closed","template":"","meta":{"_joinchat":[],"footnotes":""},"class_list":["post-6597","page","type-page","status-publish","hentry"],"_links":{"self":[{"href":"https:\/\/www.egepolhospitals.com\/de\/wp-json\/wp\/v2\/pages\/6597","targetHints":{"allow":["GET"]}}],"collection":[{"href":"https:\/\/www.egepolhospitals.com\/de\/wp-json\/wp\/v2\/pages"}],"about":[{"href":"https:\/\/www.egepolhospitals.com\/de\/wp-json\/wp\/v2\/types\/page"}],"author":[{"embeddable":true,"href":"https:\/\/www.egepolhospitals.com\/de\/wp-json\/wp\/v2\/users\/1"}],"replies":[{"embeddable":true,"href":"https:\/\/www.egepolhospitals.com\/de\/wp-json\/wp\/v2\/comments?post=6597"}],"version-history":[{"count":3,"href":"https:\/\/www.egepolhospitals.com\/de\/wp-json\/wp\/v2\/pages\/6597\/revisions"}],"predecessor-version":[{"id":6602,"href":"https:\/\/www.egepolhospitals.com\/de\/wp-json\/wp\/v2\/pages\/6597\/revisions\/6602"}],"wp:attachment":[{"href":"https:\/\/www.egepolhospitals.com\/de\/wp-json\/wp\/v2\/media?parent=6597"}],"curies":[{"name":"wp","href":"https:\/\/api.w.org\/{rel}","templated":true}]}}