{"id":6584,"date":"2023-04-20T08:39:59","date_gmt":"2023-04-20T08:39:59","guid":{"rendered":"https:\/\/www.egepolhospitals.com\/?page_id=6584"},"modified":"2023-08-14T11:47:22","modified_gmt":"2023-08-14T11:47:22","slug":"cardiovascular-surgery","status":"publish","type":"page","link":"https:\/\/www.egepolhospitals.com\/az\/cardiovascular-surgery\/","title":{"rendered":"\u00dcr\u0259k-damar c\u0259rrahiyy\u0259si"},"content":{"rendered":"\t<section class=\"section\" id=\"section_1839517333\">\n\t\t<div class=\"bg section-bg fill bg-fill  \" >\n\n\t\t\t\n\t\t\t\n\t\t\t\n\n\t\t<\/div>\n\n\t\t\n\n\t\t<div class=\"section-content relative\">\n\t\t\t\n<div class=\"row\"  id=\"row-1492739463\">\n\n\t<div id=\"col-1103426551\" class=\"col small-12 large-12\"  >\n\t\t\t\t<div class=\"col-inner\"  >\n\t\t\t\n\t\t\t\n  <div id=\"page-header-793809524\" class=\"page-header-wrapper\">\n  <div class=\"page-title pageTitle light simple-title\">\n\n    \n    <div class=\"page-title-inner container align-center flex-row medium-flex-wrap\" >\n              <div class=\"title-wrapper uppercase flex-col text-left medium-text-center\">\n          <h1 class=\"entry-title mb-0\">\n            \u00dcr\u0259k-damar c\u0259rrahiyy\u0259si          <\/h1>\n        <\/div>\n                    <div class=\"title-content flex-col flex-right text-right medium-text-center\">\n        <div class=\"title-breadcrumbs pb-half pt-half\"><\/div>      <\/div>\n    <\/div>\n\n       <\/div>\n    <\/div>\n  \n\t<div id=\"text-1877195603\" class=\"text pageBreadcrumbs\">\n\t\t\n\n\t\t\n<style>\n#text-1877195603 {\n  text-align: center;\n}\n@media (min-width:850px) {\n  #text-1877195603 {\n    text-align: left;\n  }\n}\n<\/style>\n\t<\/div>\n\t\n\t\t<\/div>\n\t\t\t\t\n<style>\n#col-1103426551 > .col-inner {\n  padding: 2em 0px 0em 0px;\n}\n@media (min-width:850px) {\n  #col-1103426551 > .col-inner {\n    padding: 4em 0px 1em 0px;\n  }\n}\n<\/style>\n\t<\/div>\n\n\t\n<\/div>\n\t\t<\/div>\n\n\t\t\n<style>\n#section_1839517333 {\n  padding-top: 0px;\n  padding-bottom: 0px;\n}\n#section_1839517333 .section-bg.bg-loaded {\n  background-image: url(https:\/\/www.egepolhospitals.com\/wp-content\/uploads\/egepol_banner.jpg);\n}\n#section_1839517333 .section-bg {\n  background-position: 0% 5%;\n}\n#section_1839517333 .ux-shape-divider--top svg {\n  height: 150px;\n  --divider-top-width: 100%;\n}\n#section_1839517333 .ux-shape-divider--bottom svg {\n  height: 150px;\n  --divider-width: 100%;\n}\n<\/style>\n\t<\/section>\n\t\n\t<section class=\"section\" id=\"section_451071102\">\n\t\t<div class=\"bg section-bg fill bg-fill  bg-loaded\" >\n\n\t\t\t\n\t\t\t\n\t\t\t\n\n\t\t<\/div>\n\n\t\t\n\n\t\t<div class=\"section-content relative\">\n\t\t\t\n<div class=\"row\"  id=\"row-1054334270\">\n\n\t<div id=\"col-173789373\" class=\"col small-12 large-12\"  >\n\t\t\t\t<div class=\"col-inner\"  >\n\t\t\t\n\t\t\t\n<p><span style=\"font-weight: 400;\">\u00dcr\u0259k c\u0259rrahiyy\u0259si kimi d\u0259 tan\u0131nan \u00fcr\u0259k-damar c\u0259rrahiyy\u0259si, \u00fcr\u0259k v\u0259 qan damarlar\u0131n\u0131 \u0259hat\u0259 ed\u0259n c\u0259rrahi prosedurlarla m\u0259\u015f\u011ful olan ixtisasla\u015fd\u0131r\u0131lm\u0131\u015f tibb sah\u0259sidir. O, \u00fcr\u0259k-damar sistemin\u0259 t\u0259sir ed\u0259n \u015f\u0259rtl\u0259rin diaqnostikas\u0131na, m\u00fcalic\u0259sin\u0259 v\u0259 idar\u0259 olunmas\u0131na diqq\u0259t yetirir. \u00dcr\u0259k-damar sistemin\u0259 \u00fcr\u0259k, qan damarlar\u0131 v\u0259 qan d\u00f6vran\u0131 daxildir.<\/span><\/p>\n<p>\u00dcr\u0259k-damar c\u0259rrahiyy\u0259si m\u00fcxt\u0259lif \u00fcr\u0259k v\u0259 damar x\u0259st\u0259likl\u0259rini m\u00fcalic\u0259 etm\u0259k \u00fc\u00e7\u00fcn h\u0259yata ke\u00e7irilir, o c\u00fcml\u0259d\u0259n:<\/p>\n<ul>\n<li><strong>Koronar arteriya x\u0259st\u0259liyi:<\/strong> Koronar arter bypass transplantasiyas\u0131 (CABG) kimi prosedurlar t\u0131xanm\u0131\u015f v\u0259 ya daralm\u0131\u015f koronar arteriyalar\u0131 ke\u00e7m\u0259k, \u00fcr\u0259k \u0259z\u0259l\u0259sin\u0259 qan ax\u0131n\u0131 b\u0259rpa etm\u0259k \u00fc\u00e7\u00fcn h\u0259yata ke\u00e7irilir.<\/li>\n<li><span style=\"font-weight: 400;\"><strong>\u00dcr\u0259k qapa\u011f\u0131 x\u0259st\u0259liyi:<\/strong> C\u0259rrahi m\u00fcdaxil\u0259l\u0259r z\u0259d\u0259l\u0259nmi\u015f v\u0259 ya x\u0259st\u0259 \u00fcr\u0259k qapaqlar\u0131n\u0131n t\u0259mirini v\u0259 ya d\u0259yi\u015fdirilm\u0259sini \u0259hat\u0259 ed\u0259 bil\u0259r ki, bu da d\u00fczg\u00fcn qan ax\u0131n\u0131 b\u0259rpa ed\u0259 v\u0259 \u00fcr\u0259yin f\u0259aliyy\u0259tini yax\u015f\u0131la\u015fd\u0131ra bil\u0259r.<\/span><\/li>\n<li><span style=\"font-weight: 400;\"><strong>Anadang\u0259lm\u0259 \u00fcr\u0259k q\u00fcsurlar\u0131:<\/strong> Bunlar do\u011fu\u015f zaman\u0131 \u00fcr\u0259yin strukturunda olan anormallikl\u0259rdir. C\u0259rrahi prosedurlar bu q\u00fcsurlar\u0131 d\u00fcz\u0259ld\u0259 v\u0259 \u00fcr\u0259yin f\u0259aliyy\u0259tini yax\u015f\u0131la\u015fd\u0131ra bil\u0259r.<\/span><\/li>\n<li><span style=\"font-weight: 400;\"><strong>Aorta anevrizmas\u0131:<\/strong> \u00dcr\u0259kd\u0259n b\u0259d\u0259n\u0259 qan da\u015f\u0131yan \u0259sas arteriya olan aortan\u0131n z\u0259ifl\u0259mi\u015f v\u0259 ya qabar\u0131q hiss\u0259sinin b\u0259rpas\u0131 v\u0259 ya d\u0259yi\u015fdirilm\u0259si \u00fc\u00e7\u00fcn c\u0259rrahi \u0259m\u0259liyyat apar\u0131la bil\u0259r.<\/span><\/li>\n<li><span style=\"font-weight: 400;\"><strong>Aritmiya:<\/strong> B\u0259zi \u00fcr\u0259k ritm anomaliyalar\u0131 \u00fcr\u0259yin elektrik f\u0259aliyy\u0259tini t\u0259nziml\u0259m\u0259k v\u0259 sabitl\u0259\u015fdirm\u0259k \u00fc\u00e7\u00fcn kardiostimulyatorlar\u0131n v\u0259 ya implantasiya edil\u0259 bil\u0259n kardioverter-defibrilatorlar\u0131n (ICD) implantasiyas\u0131 kimi c\u0259rrahi m\u00fcalic\u0259 t\u0259l\u0259b ed\u0259 bil\u0259r.<\/span><\/li>\n<\/ul>\n<p><span style=\"font-weight: 400;\">\u00dcr\u0259k-damar c\u0259rrahiyy\u0259si zaman\u0131 y\u00fcks\u0259k ixtisasl\u0131 kardiotorakal c\u0259rrahlar prosedurlar\u0131 yerin\u0259 yetirm\u0259k \u00fc\u00e7\u00fcn x\u00fcsusi texnika v\u0259 avadanl\u0131qlardan istifad\u0259 edirl\u0259r. \u018fm\u0259liyyat d\u00f6\u015f q\u0259f\u0259sinin a\u00e7\u0131lmas\u0131n\u0131 (a\u00e7\u0131q \u00fcr\u0259k \u0259m\u0259liyyat\u0131) \u0259hat\u0259 ed\u0259 bil\u0259r v\u0259 ya robotla c\u0259rrahiyy\u0259 v\u0259 ya kateter \u0259sasl\u0131 prosedurlar kimi minimal invaziv \u00fcsullarla h\u0259yata ke\u00e7iril\u0259 bil\u0259r.<\/span><\/p>\n<p>U\u011furlu sa\u011falma \u00fc\u00e7\u00fcn \u0259m\u0259liyyatdan sonrak\u0131 qay\u011f\u0131 vacibdir. X\u0259st\u0259l\u0259r \u0259m\u0259liyyatdan sonra reanimasiya \u015f\u00f6b\u0259sind\u0259 (ICU) v\u0259 ya \u00fcr\u0259k \u015f\u00f6b\u0259sind\u0259 (CCU) yax\u0131ndan izl\u0259nilir. Onlar d\u00fczg\u00fcn m\u00fcalic\u0259ni t\u0259min etm\u0259k v\u0259 a\u011f\u0131rla\u015fma riskini azaltmaq \u00fc\u00e7\u00fcn m\u00fcvafiq d\u0259rmanlar, a\u011fr\u0131 idar\u0259si v\u0259 d\u0259st\u0259kl\u0259yici qay\u011f\u0131 al\u0131rlar. \u00dcr\u0259k reabilitasiyas\u0131 v\u0259 t\u0259qib ziyar\u0259tl\u0259ri d\u0259 uzunm\u00fcdd\u0259tli n\u0259tic\u0259l\u0259ri v\u0259 \u00fcmumi \u00fcr\u0259k-damar sa\u011flaml\u0131\u011f\u0131n\u0131 optimalla\u015fd\u0131rmaq \u00fc\u00e7\u00fcn b\u0259rpa prosesinin t\u0259rkib hiss\u0259sidir.<\/p>\n<p>\u00dcr\u0259k-damar c\u0259rrahiyy\u0259si m\u00fcr\u0259kk\u0259b \u00fcr\u0259k v\u0259 damar x\u0259st\u0259likl\u0259rinin m\u00fcalic\u0259sind\u0259 m\u00fch\u00fcm rol oynay\u0131r, x\u0259st\u0259l\u0259r\u0259 h\u0259yat keyfiyy\u0259tini yax\u015f\u0131la\u015fd\u0131rma\u011fa k\u00f6m\u0259k edir v\u0259 b\u0259zi hallarda h\u0259tta h\u0259yat\u0131n\u0131 xilas edir.<\/p>\n<h2>\u00dcr\u0259k-damar \u0259m\u0259liyyat\u0131 nec\u0259 apar\u0131l\u0131r?<\/h2>\n<p><span style=\"font-weight: 400;\">\u00dcr\u0259k c\u0259rrahiyy\u0259si kimi d\u0259 tan\u0131nan \u00fcr\u0259k-damar c\u0259rrahiyy\u0259si \u00fcr\u0259k v\u0259 qan damarlar\u0131na t\u0259sir ed\u0259n \u015f\u0259rtl\u0259ri m\u00fcalic\u0259 etm\u0259k \u00fc\u00e7\u00fcn h\u0259yata ke\u00e7iril\u0259n bir s\u0131ra prosedurlar\u0131 \u0259hat\u0259 edir. \u00dcr\u0259k-damar c\u0259rrahiyy\u0259sind\u0259 istifad\u0259 olunan x\u00fcsusi texnika m\u00fcalic\u0259 olunan v\u0259ziyy\u0259tin t\u0259bi\u0259tind\u0259n as\u0131l\u0131d\u0131r. \u00dcr\u0259k-damar c\u0259rrahiyy\u0259sinin ad\u0259t\u0259n nec\u0259 h\u0259yata ke\u00e7irildiyin\u0259 dair \u00fcmumi bir x\u00fclas\u0259:<\/span><\/p>\n<ul>\n<li><strong>Anesteziya:<\/strong> X\u0259st\u0259 \u00fcmumi anesteziya alt\u0131nda yerl\u0259\u015fdirilir ki, bu da onlar\u0131n \u0259m\u0259liyyat boyu hu\u015fsuz v\u0259 a\u011fr\u0131s\u0131z olmas\u0131n\u0131 t\u0259min edir.<\/li>\n<li><span style=\"font-weight: 400;\"><strong>K\u0259sik:<\/strong> \u00dcr\u0259k v\u0259 qan damarlar\u0131na daxil olmaq \u00fc\u00e7\u00fcn c\u0259rrahi k\u0259sik edilir. K\u0259siyin yeri v\u0259 \u00f6l\u00e7\u00fcs\u00fc h\u0259yata ke\u00e7iril\u0259n x\u00fcsusi prosedurdan as\u0131l\u0131d\u0131r. Minimal invaziv \u00fcsullar daha ki\u00e7ik k\u0259sikl\u0259r v\u0259 x\u00fcsusi al\u0259tl\u0259rin v\u0259 kameralar\u0131n istifad\u0259sini \u0259hat\u0259 ed\u0259 bil\u0259r.<\/span><\/li>\n<li><span style=\"font-weight: 400;\"><strong>Kardiopulmoner bypass:<\/strong> Bir \u00e7ox \u00fcr\u0259k-damar \u0259m\u0259liyyatlar\u0131nda \u00fcr\u0259yin v\u0259 a\u011fciy\u0259rl\u0259rin funksiyas\u0131n\u0131 m\u00fcv\u0259qq\u0259ti olaraq \u0259l\u0259 ke\u00e7irm\u0259k \u00fc\u00e7\u00fcn \u00fcr\u0259k-a\u011fciy\u0259r ma\u015f\u0131n\u0131 istifad\u0259 olunur. Qan onu oksigenl\u0259 t\u0259min ed\u0259n v\u0259 yenid\u0259n b\u0259d\u0259n\u0259 pompalayan ma\u015f\u0131n vasit\u0259sil\u0259 y\u00f6n\u0259ldilir. Bu, c\u0259rraha sakit, qans\u0131z \u00fcr\u0259yi \u0259m\u0259liyyat etm\u0259y\u0259 imkan verir.<\/span><\/li>\n<li><span style=\"font-weight: 400;\"><strong>Prosedur:<\/strong> C\u0259rrah x\u00fcsusi v\u0259ziyy\u0259ti h\u0259ll etm\u0259k \u00fc\u00e7\u00fcn laz\u0131mi add\u0131mlar\u0131 yerin\u0259 yetirir. Bu, \u00fcr\u0259k qapaqlar\u0131n\u0131n t\u0259miri v\u0259 ya d\u0259yi\u015fdirilm\u0259si, t\u0131xanm\u0131\u015f koronar arteriyalardan yan ke\u00e7m\u0259, qan damarlar\u0131ndan t\u0131xanmalar\u0131n v\u0259 ya l\u00f6vh\u0259nin \u00e7\u0131xar\u0131lmas\u0131 v\u0259 ya \u00fcr\u0259kd\u0259ki struktur anormall\u0131qlar\u0131n t\u0259mirini \u0259hat\u0259 ed\u0259 bil\u0259r. C\u0259rrah, prosedurdan as\u0131l\u0131 olaraq tiki\u015f, peyv\u0259nd v\u0259 ya tibbi cihazlar\u0131n implantasiyas\u0131 kimi \u00fcsullardan istifad\u0259 ed\u0259 bil\u0259r.<\/span><\/li>\n<li><span style=\"font-weight: 400;\"><strong>Yaran\u0131n ba\u011flanmas\u0131:<\/strong> Prosedur ba\u015fa \u00e7atd\u0131qdan sonra c\u0259rrah tiki\u015f v\u0259 ya \u015ftapel istifad\u0259 ed\u0259r\u0259k k\u0259siyi diqq\u0259tl\u0259 ba\u011flay\u0131r. Bu add\u0131m yaran\u0131n d\u00fczg\u00fcn sa\u011falmas\u0131na nail olmaq v\u0259 \u00e7ap\u0131qlar\u0131 minimuma endirm\u0259k m\u0259qs\u0259di da\u015f\u0131y\u0131r.<\/span><\/li>\n<li><span style=\"font-weight: 400;\"><strong>\u018fm\u0259liyyatdan sonrak\u0131 bax\u0131m:<\/strong> \u018fm\u0259liyyatdan sonra x\u0259st\u0259 yax\u0131ndan izl\u0259nilm\u0259k \u00fc\u00e7\u00fcn reanimasiya \u015f\u00f6b\u0259sin\u0259 (ICU) v\u0259 ya \u00fcr\u0259k bax\u0131m \u015f\u00f6b\u0259sin\u0259 (CCU) k\u00f6\u00e7\u00fcr\u00fcl\u00fcr. H\u0259kim qrupu a\u011fr\u0131lar\u0131 idar\u0259 edir, h\u0259yati \u0259lam\u0259tl\u0259r\u0259 n\u0259zar\u0259t edir, d\u0259rmanlar verir v\u0259 hamar bir sa\u011falman\u0131 t\u0259min edir. X\u0259st\u0259nin sa\u011falmas\u0131na k\u00f6m\u0259k etm\u0259k v\u0259 \u00fcr\u0259k-damar funksiyas\u0131n\u0131 yax\u015f\u0131la\u015fd\u0131rmaq \u00fc\u00e7\u00fcn tez-tez fiziki terapiya v\u0259 \u00fcr\u0259k reabilitasiyas\u0131 t\u00f6vsiy\u0259 olunur.<\/span><\/li>\n<\/ul>\n<p><span style=\"font-weight: 400;\">Qeyd etm\u0259k vacibdir ki, h\u0259r bir \u00fcr\u0259k-damar \u0259m\u0259liyyat\u0131n\u0131n t\u0259f\u0259rr\u00fcatlar\u0131 h\u0259yata ke\u00e7iril\u0259n x\u00fcsusi prosedurdan v\u0259 x\u0259st\u0259nin v\u0259ziyy\u0259tind\u0259n as\u0131l\u0131 olaraq \u0259h\u0259miyy\u0259tli d\u0259r\u0259c\u0259d\u0259 d\u0259yi\u015f\u0259 bil\u0259r. Y\u00fcks\u0259k ixtisasl\u0131 kardiotorakal c\u0259rrahlar x\u0259st\u0259l\u0259ri \u00fc\u00e7\u00fcn m\u00fcmk\u00fcn olan \u0259n yax\u015f\u0131 n\u0259tic\u0259l\u0259ri t\u0259min etm\u0259k \u00fc\u00e7\u00fcn qabaqc\u0131l texnika v\u0259 texnologiyalardan istifad\u0259 edirl\u0259r.<\/span><\/p>\n<h2><span style=\"font-weight: 400;\">\u00dcr\u0259k-damar \u0259m\u0259liyyat\u0131ndan sonra n\u0259l\u0259r\u0259 diqq\u0259t edilm\u0259lidir?<\/span><\/h2>\n<p><span style=\"font-weight: 400;\">\u00dcr\u0259k-damar \u0259m\u0259liyyat\u0131ndan sonra u\u011furlu b\u0259rpa v\u0259 optimal n\u0259tic\u0259l\u0259r \u00fc\u00e7\u00fcn bir ne\u00e7\u0259 vacib m\u00fclahiz\u0259 var:<\/span><\/p>\n<ul>\n<li><strong>\u018fm\u0259liyyatdan sonrak\u0131 qay\u011f\u0131:<\/strong> \u018fm\u0259liyyatdan sonra adi x\u0259st\u0259xana ota\u011f\u0131na k\u00f6\u00e7\u00fcr\u00fclm\u0259zd\u0259n \u0259vv\u0259l reanimasiya \u015f\u00f6b\u0259sind\u0259 (ICU) v\u0259 ya \u00fcr\u0259k bax\u0131m \u015f\u00f6b\u0259sind\u0259 (CCU) yax\u0131ndan izl\u0259nil\u0259c\u0259ksiniz. Tibbi qrup a\u011fr\u0131 idar\u0259sini t\u0259min ed\u0259c\u0259k, d\u0259rmanlar t\u0259yin ed\u0259c\u0259k v\u0259 h\u0259yati \u0259lam\u0259tl\u0259rinizi izl\u0259y\u0259c\u0259k.<\/li>\n<li><span style=\"font-weight: 400;\"><strong>Yara bax\u0131m\u0131:<\/strong> C\u0259rrahi k\u0259sik\u0259 d\u00fczg\u00fcn qulluq infeksiyan\u0131n qar\u015f\u0131s\u0131n\u0131 almaq v\u0259 sa\u011falman\u0131 t\u0259\u015fviq etm\u0259k \u00fc\u00e7\u00fcn \u00e7ox vacibdir. K\u0259sik yerini nec\u0259 t\u0259mizl\u0259m\u0259k v\u0259 geyinm\u0259k bar\u0259d\u0259 c\u0259rrah\u0131n\u0131z\u0131n g\u00f6st\u0259ri\u015fl\u0259rin\u0259 \u0259m\u0259l edin. Q\u0131zart\u0131, \u015fi\u015fkinlik v\u0259 ya drenaj kimi h\u0259r hans\u0131 infeksiya \u0259lam\u0259tl\u0259rini h\u0259kiminiz\u0259 bildirin.<\/span><\/li>\n<li><span style=\"font-weight: 400;\"><strong>Fiziki f\u0259aliyy\u0259t:<\/strong> T\u0259hl\u00fck\u0259siz v\u0259 u\u011furlu b\u0259rpa \u00fc\u00e7\u00fcn fiziki f\u0259aliyy\u0259tin t\u0259dric\u0259n art\u0131r\u0131lmas\u0131 vacibdir. G\u00fcc\u00fc, d\u00f6z\u00fcml\u00fcl\u00fcy\u00fc v\u0259 \u00fcmumi \u00fcr\u0259k-damar sa\u011flaml\u0131\u011f\u0131n\u0131 yax\u015f\u0131la\u015fd\u0131rmaq \u00fc\u00e7\u00fcn t\u0259yin edilmi\u015f m\u0259\u015fql\u0259r v\u0259 ya \u00fcr\u0259k reabilitasiya proqramlar\u0131 il\u0259 m\u0259\u015f\u011ful olun. Bununla bel\u0259, c\u0259rrah\u0131n\u0131z\u0131n verdiyi f\u0259aliyy\u0259t m\u0259hdudiyy\u0259tl\u0259rin\u0259 \u0259m\u0259l etm\u0259k v\u0259 h\u0259ddind\u0259n art\u0131q g\u0259rginlikd\u0259n qa\u00e7maq vacibdir.<\/span><\/li>\n<li><span style=\"font-weight: 400;\"><strong>D\u0259rmanlar\u0131n idar\u0259 edilm\u0259si:<\/strong> T\u0259limatlara uy\u011fun olaraq t\u0259yin edilmi\u015f d\u0259rmanlar\u0131, o c\u00fcml\u0259d\u0259n a\u011fr\u0131k\u0259sicil\u0259r, antibiotikl\u0259r v\u0259 qan durula\u015fd\u0131r\u0131c\u0131lar\u0131 q\u0259bul edin. D\u0259rman c\u0259dv\u0259liniz\u0259 n\u0259zar\u0259t edin v\u0259 h\u0259r hans\u0131 bir yan t\u0259sir v\u0259 ya narahatl\u0131q bar\u0259d\u0259 sa\u011flaml\u0131q xidm\u0259tiniz\u0259 m\u0259lumat verin.<\/span><\/li>\n<li><span style=\"font-weight: 400;\"><strong>H\u0259yat t\u0259rzi d\u0259yi\u015fiklikl\u0259ri:<\/strong> Balansla\u015fd\u0131r\u0131lm\u0131\u015f p\u0259hriz q\u0259bul etm\u0259k, sa\u011flam \u00e7\u0259ki saxlamaq, stressi idar\u0259 etm\u0259k, siqareti buraxmaq v\u0259 y\u00fcks\u0259k qan t\u0259zyiqi v\u0259 ya diabet kimi dig\u0259r risk faktorlar\u0131na n\u0259zar\u0259t etm\u0259kl\u0259 \u00fcr\u0259k-sa\u011flam h\u0259yat t\u0259rzin\u0259 riay\u0259t edin. H\u0259kiminiz v\u0259ziyy\u0259tiniz\u0259 \u0259sas\u0259n x\u00fcsusi h\u0259yat t\u0259rzi d\u0259yi\u015fiklikl\u0259ri il\u0259 ba\u011fl\u0131 t\u0259limat ver\u0259 bil\u0259r.<\/span><\/li>\n<li><span style=\"font-weight: 400;\"><strong>Sonrak\u0131 g\u00f6r\u00fc\u015fl\u0259r:<\/strong> Kardiotoraks c\u0259rrah\u0131n\u0131zla planla\u015fd\u0131r\u0131lan b\u00fct\u00fcn t\u0259qib g\u00f6r\u00fc\u015fl\u0259rind\u0259 i\u015ftirak edin. Bu ziyar\u0259tl\u0259r t\u0259r\u0259qqinizi izl\u0259m\u0259k, c\u0259rrahi n\u0259tic\u0259ni qiym\u0259tl\u0259ndirm\u0259k v\u0259 yarana bil\u0259c\u0259k h\u0259r hans\u0131 narahatl\u0131q v\u0259 ya a\u011f\u0131rla\u015fmalar\u0131 h\u0259ll etm\u0259k \u00fc\u00e7\u00fcn \u00e7ox vacibdir. B\u0259rpa d\u00f6vr\u00fcnd\u0259 qar\u015f\u0131la\u015fa bil\u0259c\u0259yiniz h\u0259r hans\u0131 bir simptom v\u0259 ya problemi bildirm\u0259k vacibdir.<\/span><\/li>\n<li><span style=\"font-weight: 400;\"><strong>Emosional d\u0259st\u0259k:<\/strong> \u00dcr\u0259k-damar c\u0259rrahiyy\u0259si fiziki v\u0259 emosional c\u0259h\u0259td\u0259n \u00e7\u0259tin bir t\u0259cr\u00fcb\u0259 ola bil\u0259r. Yax\u0131nlar\u0131n\u0131zdan d\u0259st\u0259k axtar\u0131n, d\u0259st\u0259k qruplar\u0131na qo\u015fulun v\u0259 ya \u0259m\u0259liyyat\u0131n\u0131zla ba\u011fl\u0131 h\u0259r hans\u0131 emosional narahatl\u0131q v\u0259 ya narahatl\u0131\u011f\u0131 h\u0259ll etm\u0259k \u00fc\u00e7\u00fcn m\u0259sl\u0259h\u0259t al\u0131n.<\/span><\/li>\n<\/ul>\n<p><span style=\"font-weight: 400;\">Bu m\u00fclahiz\u0259l\u0259r\u0259 \u0259m\u0259l etm\u0259kl\u0259 v\u0259 s\u0259hiyy\u0259 komandan\u0131zla a\u00e7\u0131q \u00fcnsiyy\u0259t saxlamaqla siz r\u0259van b\u0259rpan\u0131 t\u0259min ed\u0259 v\u0259 \u00fcr\u0259k-damar \u0259m\u0259liyyat\u0131n\u0131z\u0131n n\u0259tic\u0259l\u0259rini optimalla\u015fd\u0131ra bil\u0259rsiniz. X\u00fcsusi v\u0259ziyy\u0259tiniz\u0259 v\u0259 c\u0259rrahiyy\u0259 \u0259m\u0259liyyat\u0131n\u0131za \u0259saslanan f\u0259rdi t\u0259limatlar \u00fc\u00e7\u00fcn s\u0259hiyy\u0259 t\u0259minat\u00e7\u0131n\u0131zla m\u0259sl\u0259h\u0259tl\u0259\u015fm\u0259yi unutmay\u0131n.<\/span><\/p>\n\t\t<\/div>\n\t\t\t\t\t<\/div>\n\n\t\n<\/div>\n  <div id=\"page-header-839107979\" class=\"page-header-wrapper\">\n  <div class=\"page-title pageTitle light simple-title\">\n\n    \n    <div class=\"page-title-inner container align-center text-center flex-row-col medium-flex-wrap\" >\n              <div class=\"title-wrapper flex-col\">\n          <h1 class=\"entry-title mb-0\">\n            \u018fm\u0259liyyatlar          <\/h1>\n        <\/div>\n                    <div class=\"title-content flex-col\">\n        <div class=\"title-breadcrumbs pb-half pt-half\"><\/div>      <\/div>\n    <\/div>\n\n       <\/div>\n    <\/div>\n  \n\n  \n    <div class=\"row pagesTreatments large-columns-4 medium-columns-3 small-columns-1 slider row-slider slider-nav-reveal\"  data-flickity-options='{\"imagesLoaded\": true, \"groupCells\": \"100%\", \"dragThreshold\" : 5, \"cellAlign\": \"left\",\"wrapAround\": true,\"prevNextButtons\": true,\"percentPosition\": true,\"pageDots\": false, \"rightToLeft\": false, \"autoPlay\" : false}'>\n\n  <div class=\"page-col col\" >\n          <div class=\"col-inner\" >\n          <a class=\"block plain\" href=\"https:\/\/www.egepolhospitals.com\/az\/cardiovascular-surgery\/cardiovascular-surgery\/\" title=\"\u00dcr\u0259k-Damar C\u0259rrahiyy\u0259si\" target=\"\">\n            <div class=\"page-box box has-hover box-push\">\n                  <div class=\"box-image\" style=\"width:90%;\">\n                      <div class=\"box-image\" >\n                      <img decoding=\"async\" width=\"400\" height=\"400\" src=\"https:\/\/www.egepolhospitals.com\/wp-content\/uploads\/CARDIOVASCULAR-SURGERY-1-400x400.jpg\" class=\"attachment-medium size-medium\" alt=\"\" srcset=\"https:\/\/www.egepolhospitals.com\/wp-content\/uploads\/CARDIOVASCULAR-SURGERY-1-400x400.jpg 400w, https:\/\/www.egepolhospitals.com\/wp-content\/uploads\/CARDIOVASCULAR-SURGERY-1-280x280.jpg 280w, https:\/\/www.egepolhospitals.com\/wp-content\/uploads\/CARDIOVASCULAR-SURGERY-1.jpg 540w\" sizes=\"(max-width: 400px) 100vw, 400px\" title=\"\">                      <\/div>\n                                                              <\/div>\n                  <div class=\"box-text text-center dark\" style=\"background-color:rgb(1, 52, 103);\">\n                        <div class=\"box-text-inner\">\n                            <p>\u00dcr\u0259k-Damar C\u0259rrahiyy\u0259si<\/p>\n                        <\/div>\n                  <\/div>\n              <\/div>\n            <\/a>\n            <\/div>\n          <\/div><div class=\"page-col col\" >\n          <div class=\"col-inner\" >\n          <a class=\"block plain\" href=\"https:\/\/www.egepolhospitals.com\/az\/cardiovascular-surgery\/heart-surgery\/\" title=\"\u00dcr\u0259k C\u0259rrahiyy\u0259si\" target=\"\">\n            <div class=\"page-box box has-hover box-push\">\n                  <div class=\"box-image\" style=\"width:90%;\">\n                      <div class=\"box-image\" >\n                      <img decoding=\"async\" width=\"400\" height=\"400\" src=\"https:\/\/www.egepolhospitals.com\/wp-content\/uploads\/HEART-SURGERY-2-400x400.jpg\" class=\"attachment-medium size-medium\" alt=\"\" srcset=\"https:\/\/www.egepolhospitals.com\/wp-content\/uploads\/HEART-SURGERY-2-400x400.jpg 400w, https:\/\/www.egepolhospitals.com\/wp-content\/uploads\/HEART-SURGERY-2-280x280.jpg 280w, https:\/\/www.egepolhospitals.com\/wp-content\/uploads\/HEART-SURGERY-2.jpg 540w\" sizes=\"(max-width: 400px) 100vw, 400px\" title=\"\">                      <\/div>\n                                                              <\/div>\n                  <div class=\"box-text text-center dark\" style=\"background-color:rgb(1, 52, 103);\">\n                        <div class=\"box-text-inner\">\n                            <p>\u00dcr\u0259k C\u0259rrahiyy\u0259si<\/p>\n                        <\/div>\n                  <\/div>\n              <\/div>\n            <\/a>\n            <\/div>\n          <\/div><\/div>\n\t\t<\/div>\n\n\t\t\n<style>\n#section_451071102 {\n  padding-top: 5em;\n  padding-bottom: 5em;\n  background-color: rgb(255, 255, 255);\n}\n#section_451071102 .ux-shape-divider--top svg {\n  height: 150px;\n  --divider-top-width: 100%;\n}\n#section_451071102 .ux-shape-divider--bottom svg {\n  height: 150px;\n  --divider-width: 100%;\n}\n<\/style>\n\t<\/section>\n\t\n","protected":false},"excerpt":{"rendered":"","protected":false},"author":1,"featured_media":0,"parent":0,"menu_order":0,"comment_status":"closed","ping_status":"closed","template":"","meta":{"_joinchat":[],"footnotes":""},"class_list":["post-6584","page","type-page","status-publish","hentry"],"_links":{"self":[{"href":"https:\/\/www.egepolhospitals.com\/az\/wp-json\/wp\/v2\/pages\/6584","targetHints":{"allow":["GET"]}}],"collection":[{"href":"https:\/\/www.egepolhospitals.com\/az\/wp-json\/wp\/v2\/pages"}],"about":[{"href":"https:\/\/www.egepolhospitals.com\/az\/wp-json\/wp\/v2\/types\/page"}],"author":[{"embeddable":true,"href":"https:\/\/www.egepolhospitals.com\/az\/wp-json\/wp\/v2\/users\/1"}],"replies":[{"embeddable":true,"href":"https:\/\/www.egepolhospitals.com\/az\/wp-json\/wp\/v2\/comments?post=6584"}],"version-history":[{"count":3,"href":"https:\/\/www.egepolhospitals.com\/az\/wp-json\/wp\/v2\/pages\/6584\/revisions"}],"predecessor-version":[{"id":11174,"href":"https:\/\/www.egepolhospitals.com\/az\/wp-json\/wp\/v2\/pages\/6584\/revisions\/11174"}],"wp:attachment":[{"href":"https:\/\/www.egepolhospitals.com\/az\/wp-json\/wp\/v2\/media?parent=6584"}],"curies":[{"name":"wp","href":"https:\/\/api.w.org\/{rel}","templated":true}]}}