{"id":9968,"date":"2023-04-18T20:23:20","date_gmt":"2023-04-18T20:23:20","guid":{"rendered":"https:\/\/www.egepolhospitals.com\/?page_id=9968"},"modified":"2023-11-03T09:08:46","modified_gmt":"2023-11-03T09:08:46","slug":"our-team","status":"publish","type":"page","link":"https:\/\/www.egepolhospitals.com\/ar\/our-team\/","title":{"rendered":"\u0641\u0631\u064a\u0642\u0646\u0627"},"content":{"rendered":"\t<section class=\"section\" id=\"section_1444858316\">\n\t\t<div class=\"bg section-bg fill bg-fill  \" >\n\n\t\t\t\n\t\t\t\n\t\t\t\n\n\t\t<\/div>\n\n\t\t\n\n\t\t<div class=\"section-content relative\">\n\t\t\t\n<div class=\"row\"  id=\"row-894885102\">\n\n\t<div id=\"col-1502854233\" class=\"col small-12 large-12\"  >\n\t\t\t\t<div class=\"col-inner\"  >\n\t\t\t\n\t\t\t\n  <div id=\"page-header-443732576\" class=\"page-header-wrapper\">\n  <div class=\"page-title pageTitle light simple-title\">\n\n    \n    <div class=\"page-title-inner container align-center flex-row medium-flex-wrap\" >\n              <div class=\"title-wrapper uppercase flex-col text-left medium-text-center\">\n          <h1 class=\"entry-title mb-0\">\n            \u0641\u0631\u064a\u0642\u0646\u0627          <\/h1>\n        <\/div>\n                    <div class=\"title-content flex-col flex-right text-right medium-text-center\">\n        <div class=\"title-breadcrumbs pb-half pt-half\"><\/div>      <\/div>\n    <\/div>\n\n       <\/div>\n    <\/div>\n  \n\t<div id=\"text-7755381\" class=\"text pageBreadcrumbs\">\n\t\t\n\n\t\t\n<style>\n#text-7755381 {\n  text-align: center;\n}\n@media (min-width:850px) {\n  #text-7755381 {\n    text-align: left;\n  }\n}\n<\/style>\n\t<\/div>\n\t\n\t\t<\/div>\n\t\t\t\t\n<style>\n#col-1502854233 > .col-inner {\n  padding: 2em 0px 0em 0px;\n}\n@media (min-width:850px) {\n  #col-1502854233 > .col-inner {\n    padding: 4em 0px 1em 0px;\n  }\n}\n<\/style>\n\t<\/div>\n\n\t\n<\/div>\n\t\t<\/div>\n\n\t\t\n<style>\n#section_1444858316 {\n  padding-top: 0px;\n  padding-bottom: 0px;\n}\n#section_1444858316 .section-bg.bg-loaded {\n  background-image: url(https:\/\/www.egepolhospitals.com\/wp-content\/uploads\/egepol_banner.jpg);\n}\n#section_1444858316 .section-bg {\n  background-position: 0% 0%;\n}\n#section_1444858316 .ux-shape-divider--top svg {\n  height: 150px;\n  --divider-top-width: 100%;\n}\n#section_1444858316 .ux-shape-divider--bottom svg {\n  height: 150px;\n  --divider-width: 100%;\n}\n<\/style>\n\t<\/section>\n\t\n\t<section class=\"section\" id=\"section_1995987746\">\n\t\t<div class=\"bg section-bg fill bg-fill  bg-loaded\" >\n\n\t\t\t\n\t\t\t\n\t\t\t\n\n\t\t<\/div>\n\n\t\t\n\n\t\t<div class=\"section-content relative\">\n\t\t\t\n<div class=\"row row-large align-center\"  id=\"row-1713572953\">\n\n\t<div id=\"col-101007579\" class=\"col ourTeamPerson medium-4 small-12 large-4\"  >\n\t\t\t\t<div class=\"col-inner text-center box-shadow-3\"  >\n\t\t\t\n\t\t\t\n\t<div class=\"box has-hover   has-hover box-text-bottom\" >\n\n\t\t<div class=\"box-image\" >\n\t\t\t\t\t\t<div class=\"\" >\n\t\t\t\t<img decoding=\"async\" width=\"370\" height=\"341\" src=\"https:\/\/www.egepolhospitals.com\/wp-content\/uploads\/kadir-calis-jpeg.webp\" class=\"attachment- size-\" alt=\"\" title=\"\">\t\t\t\t\t\t\t\t\t\t\t<\/div>\n\t\t\t\t\t<\/div>\n\n\t\t<div class=\"box-text text-center\" >\n\t\t\t<div class=\"box-text-inner\">\n\t\t\t\t\n<h4><span style=\"color: #013467;\">Kadir \u00c7al\u0131\u015f<\/span><\/h4>\n<p><strong>\u0648\u062d\u062f\u0629 \u0627\u0644\u0645\u0631\u0636\u0649 \u0627\u0644\u062f\u0648\u0644\u064a\u064a\u0646 \u0648\u0645\u062f\u064a\u0631 \u0627\u0644\u0639\u0644\u0627\u0645\u0629 \u0627\u0644\u062a\u062c\u0627\u0631\u064a\u0629<\/strong><\/p>\n\t\t\t<\/div>\n\t\t<\/div>\n\t<\/div>\n\t\n\t\t<\/div>\n\t\t\t\t\t<\/div>\n\n\t\n\n\t<div id=\"col-358042960\" class=\"col ourTeamPerson medium-4 small-12 large-4\"  >\n\t\t\t\t<div class=\"col-inner box-shadow-3\"  >\n\t\t\t\n\t\t\t\n\t<div class=\"box has-hover   has-hover box-text-bottom\" >\n\n\t\t<div class=\"box-image\" >\n\t\t\t\t\t\t<div class=\"\" >\n\t\t\t\t<img decoding=\"async\" width=\"370\" height=\"341\" src=\"https:\/\/www.egepolhospitals.com\/wp-content\/uploads\/Hasan-Mengutay.png\" class=\"attachment- size-\" alt=\"\" title=\"\">\t\t\t\t\t\t\t\t\t\t\t<\/div>\n\t\t\t\t\t<\/div>\n\n\t\t<div class=\"box-text text-center\" >\n\t\t\t<div class=\"box-text-inner\">\n\t\t\t\t\n<h4>Hasan Mengutay<\/h4>\n<p><span style=\"color: #000000; font-weight: bold;\">\u0645\u062f\u064a\u0631 \u0627\u0644\u0639\u0645\u0644\u064a\u0627\u062a \u0627\u0644\u062f\u0648\u0644\u064a\u0629<\/span><\/p>\n\t\t\t<\/div>\n\t\t<\/div>\n\t<\/div>\n\t\n\t\t<\/div>\n\t\t\t\t\t<\/div>\n\n\t\n\n\t<div id=\"col-540520608\" class=\"col ourTeamPerson medium-4 small-12 large-4\"  >\n\t\t\t\t<div class=\"col-inner box-shadow-3\"  >\n\t\t\t\n\t\t\t\n\t<div class=\"box has-hover   has-hover box-text-bottom\" >\n\n\t\t<div class=\"box-image\" >\n\t\t\t\t\t\t<div class=\"\" >\n\t\t\t\t<img decoding=\"async\" width=\"370\" height=\"341\" src=\"https:\/\/www.egepolhospitals.com\/wp-content\/uploads\/Emine-Poyraz.png\" class=\"attachment- size-\" alt=\"\" title=\"\">\t\t\t\t\t\t\t\t\t\t\t<\/div>\n\t\t\t\t\t<\/div>\n\n\t\t<div class=\"box-text text-center\" >\n\t\t\t<div class=\"box-text-inner\">\n\t\t\t\t\n<h4><span style=\"color: #013467;\">Emine Poyraz<\/span><\/h4>\n<p><span style=\"color: #000000; font-weight: bold;\">\u0645\u0646\u0633\u0642 \u0631\u0639\u0627\u064a\u0629 \u0627\u0644\u0645\u0631\u0636\u0649 \u0627\u0644\u062f\u0648\u0644\u064a\u064a\u0646\u00a0<\/span><\/p>\n\t\t\t<\/div>\n\t\t<\/div>\n\t<\/div>\n\t\n\t\t<\/div>\n\t\t\t\t\t<\/div>\n\n\t\n\n\t<div id=\"col-1434750953\" class=\"col ourTeamPerson medium-4 small-12 large-4\"  >\n\t\t\t\t<div class=\"col-inner box-shadow-3\"  >\n\t\t\t\n\t\t\t\n\t<div class=\"box has-hover   has-hover box-text-bottom\" >\n\n\t\t<div class=\"box-image\" >\n\t\t\t\t\t\t<div class=\"\" >\n\t\t\t\t<img decoding=\"async\" width=\"370\" height=\"341\" src=\"https:\/\/www.egepolhospitals.com\/wp-content\/uploads\/Pinar-Aydemir.png\" class=\"attachment- size-\" alt=\"\" title=\"\">\t\t\t\t\t\t\t\t\t\t\t<\/div>\n\t\t\t\t\t<\/div>\n\n\t\t<div class=\"box-text text-center\" >\n\t\t\t<div class=\"box-text-inner\">\n\t\t\t\t\n<h4>P\u0131nar Aydemir<\/h4>\n<p><span style=\"color: #000000; font-weight: bold;\">\u0645\u062f\u064a\u0631 \u0627\u0644\u0645\u0628\u064a\u0639\u0627\u062a \u0627\u0644\u062f\u0648\u0644\u064a\u0629<\/span><\/p>\n\t\t\t<\/div>\n\t\t<\/div>\n\t<\/div>\n\t\n\t\t<\/div>\n\t\t\t\t\t<\/div>\n\n\t\n\n<style>\n#row-1713572953 > .col > .col-inner {\n  border-radius: 20px;\n}\n<\/style>\n<\/div>\n\t\t<\/div>\n\n\t\t\n<style>\n#section_1995987746 {\n  padding-top: 3em;\n  padding-bottom: 3em;\n}\n#section_1995987746 .ux-shape-divider--top svg {\n  height: 150px;\n  --divider-top-width: 100%;\n}\n#section_1995987746 .ux-shape-divider--bottom svg {\n  height: 150px;\n  --divider-width: 100%;\n}\n<\/style>\n\t<\/section>\n\t\n\t<section class=\"section\" id=\"section_115913064\">\n\t\t<div class=\"bg section-bg fill bg-fill  bg-loaded\" >\n\n\t\t\t\n\t\t\t\n\t\t\t\n\n\t\t<\/div>\n\n\t\t\n\n\t\t<div class=\"section-content relative\">\n\t\t\t\n<div class=\"row row-large align-center\"  id=\"row-323882417\">\n\n\t<div id=\"col-1236807567\" class=\"col ourTeamPerson medium-4 small-12 large-4\"  >\n\t\t\t\t<div class=\"col-inner box-shadow-3\"  >\n\t\t\t\n\t\t\t\n\t<div class=\"box has-hover   has-hover box-text-bottom\" >\n\n\t\t<div class=\"box-image\" >\n\t\t\t\t\t\t<div class=\"\" >\n\t\t\t\t<img decoding=\"async\" width=\"370\" height=\"341\" src=\"https:\/\/www.egepolhospitals.com\/wp-content\/uploads\/Cagatay-Demir.png\" class=\"attachment- size-\" alt=\"\" title=\"\">\t\t\t\t\t\t\t\t\t\t\t<\/div>\n\t\t\t\t\t<\/div>\n\n\t\t<div class=\"box-text text-center\" >\n\t\t\t<div class=\"box-text-inner\">\n\t\t\t\t\n<h4><span style=\"color: #013467;\">\u00c7a\u011fatay Demir<\/span><\/h4>\n<p><span style=\"color: #000000; font-weight: bold;\">\u0642\u0633\u0645 \u0627\u0644\u0639\u0645\u0644\u064a\u0627\u062a<\/span><\/p>\n\t\t\t<\/div>\n\t\t<\/div>\n\t<\/div>\n\t\n\t\t<\/div>\n\t\t\t\t\t<\/div>\n\n\t\n\n\t<div id=\"col-390687663\" class=\"col ourTeamPerson medium-4 small-12 large-4\"  >\n\t\t\t\t<div class=\"col-inner box-shadow-3\"  >\n\t\t\t\n\t\t\t\n\t<div class=\"box has-hover   has-hover box-text-bottom\" >\n\n\t\t<div class=\"box-image\" >\n\t\t\t\t\t\t<div class=\"\" >\n\t\t\t\t<img decoding=\"async\" width=\"370\" height=\"341\" src=\"https:\/\/www.egepolhospitals.com\/wp-content\/uploads\/Victoriia-Serif-1.png\" class=\"attachment- size-\" alt=\"\" title=\"\">\t\t\t\t\t\t\t\t\t\t\t<\/div>\n\t\t\t\t\t<\/div>\n\n\t\t<div class=\"box-text text-center\" >\n\t\t\t<div class=\"box-text-inner\">\n\t\t\t\t\n<h4><span style=\"color: #013467;\">Victoriia \u015eerif<\/span><\/h4>\n<p><span style=\"color: #000000; font-weight: bold;\">\u0642\u0633\u0645 \u0627\u0644\u0639\u0645\u0644\u064a\u0627\u062a<\/span><\/p>\n\t\t\t<\/div>\n\t\t<\/div>\n\t<\/div>\n\t\n\t\t<\/div>\n\t\t\t\t\t<\/div>\n\n\t\n\n\t<div id=\"col-237735105\" class=\"col ourTeamPerson medium-4 small-12 large-4\"  >\n\t\t\t\t<div class=\"col-inner box-shadow-3\"  >\n\t\t\t\n\t\t\t\n\t<div class=\"box has-hover   has-hover box-text-bottom\" >\n\n\t\t<div class=\"box-image\" >\n\t\t\t\t\t\t<div class=\"\" >\n\t\t\t\t<img decoding=\"async\" width=\"370\" height=\"341\" src=\"https:\/\/www.egepolhospitals.com\/wp-content\/uploads\/Dog\u0306a-Songu\u0308r.png\" class=\"attachment- size-\" alt=\"\" title=\"\">\t\t\t\t\t\t\t\t\t\t\t<\/div>\n\t\t\t\t\t<\/div>\n\n\t\t<div class=\"box-text text-center\" >\n\t\t\t<div class=\"box-text-inner\">\n\t\t\t\t\n<h4><span style=\"color: #013467;\">Do\u011fa Song\u00fcr<\/span><\/h4>\n<p><span style=\"color: #000000; font-weight: bold;\">\u0642\u0633\u0645 \u0627\u0644\u0639\u0645\u0644\u064a\u0627\u062a<\/span><\/p>\n\t\t\t<\/div>\n\t\t<\/div>\n\t<\/div>\n\t\n\t\t<\/div>\n\t\t\t\t\t<\/div>\n\n\t\n\n\t<div id=\"col-1347105437\" class=\"col ourTeamPerson medium-4 small-12 large-4\"  >\n\t\t\t\t<div class=\"col-inner box-shadow-3\"  >\n\t\t\t\n\t\t\t\n\t<div class=\"box has-hover   has-hover box-text-bottom\" >\n\n\t\t<div class=\"box-image\" >\n\t\t\t\t\t\t<div class=\"\" >\n\t\t\t\t<img decoding=\"async\" width=\"370\" height=\"341\" src=\"https:\/\/www.egepolhospitals.com\/wp-content\/uploads\/ilayda-sevval-aksu.png\" class=\"attachment- size-\" alt=\"ilayda s\u0327evval aksu\" title=\"\">\t\t\t\t\t\t\t\t\t\t\t<\/div>\n\t\t\t\t\t<\/div>\n\n\t\t<div class=\"box-text text-center\" >\n\t\t\t<div class=\"box-text-inner\">\n\t\t\t\t\n<h4><span style=\"color: #013467;\">\u0130layda \u015eevval Aksu<\/span><\/h4>\n<p><span style=\"color: #000000; font-weight: bold;\">\u0642\u0633\u0645 \u0627\u0644\u0645\u0628\u064a\u0639\u0627\u062a \u0627\u0644\u062f\u0648\u0644\u064a\u0629<\/span><\/p>\n\t\t\t<\/div>\n\t\t<\/div>\n\t<\/div>\n\t\n\t\t<\/div>\n\t\t\t\t\t<\/div>\n\n\t\n\n\t<div id=\"col-1788709329\" class=\"col ourTeamPerson medium-4 small-12 large-4\"  >\n\t\t\t\t<div class=\"col-inner box-shadow-3\"  >\n\t\t\t\n\t\t\t\n\t<div class=\"box has-hover   has-hover box-text-bottom\" >\n\n\t\t<div class=\"box-image\" >\n\t\t\t\t\t\t<div class=\"\" >\n\t\t\t\t<img decoding=\"async\" width=\"370\" height=\"341\" src=\"https:\/\/www.egepolhospitals.com\/wp-content\/uploads\/Burak-Sezen.png\" class=\"attachment- size-\" alt=\"\" title=\"\">\t\t\t\t\t\t\t\t\t\t\t<\/div>\n\t\t\t\t\t<\/div>\n\n\t\t<div class=\"box-text text-center\" >\n\t\t\t<div class=\"box-text-inner\">\n\t\t\t\t\n<h4><span style=\"color: #013467;\">Burak Sezen<\/span><\/h4>\n<p><span style=\"color: #000000; font-weight: bold;\">\u0642\u0633\u0645 \u0627\u0644\u0645\u0628\u064a\u0639\u0627\u062a \u0627\u0644\u062f\u0648\u0644\u064a\u0629<\/span><\/p>\n\t\t\t<\/div>\n\t\t<\/div>\n\t<\/div>\n\t\n\t\t<\/div>\n\t\t\t\t\t<\/div>\n\n\t\n\n\t<div id=\"col-1566680421\" class=\"col ourTeamPerson medium-4 small-12 large-4\"  >\n\t\t\t\t<div class=\"col-inner box-shadow-3\"  >\n\t\t\t\n\t\t\t\n\t<div class=\"box has-hover   has-hover box-text-bottom\" >\n\n\t\t<div class=\"box-image\" >\n\t\t\t\t\t\t<div class=\"\" >\n\t\t\t\t<img decoding=\"async\" width=\"370\" height=\"341\" src=\"https:\/\/www.egepolhospitals.com\/wp-content\/uploads\/beyza-nur-sever.png\" class=\"attachment- size-\" alt=\"\" title=\"\">\t\t\t\t\t\t\t\t\t\t\t<\/div>\n\t\t\t\t\t<\/div>\n\n\t\t<div class=\"box-text text-center\" >\n\t\t\t<div class=\"box-text-inner\">\n\t\t\t\t\n<h4><span style=\"color: #013467;\">Beyza Nur Sever<\/span><\/h4>\n<p><span style=\"color: #000000; font-weight: bold;\">\u0642\u0633\u0645 \u0627\u0644\u0645\u0628\u064a\u0639\u0627\u062a \u0627\u0644\u062f\u0648\u0644\u064a\u0629<\/span><\/p>\n\t\t\t<\/div>\n\t\t<\/div>\n\t<\/div>\n\t\n\t\t<\/div>\n\t\t\t\t\t<\/div>\n\n\t\n\n<style>\n#row-323882417 > .col > .col-inner {\n  border-radius: 20px;\n}\n<\/style>\n<\/div>\n\t\t<\/div>\n\n\t\t\n<style>\n#section_115913064 {\n  padding-top: 3em;\n  padding-bottom: 3em;\n}\n#section_115913064 .ux-shape-divider--top svg {\n  height: 150px;\n  --divider-top-width: 100%;\n}\n#section_115913064 .ux-shape-divider--bottom svg {\n  height: 150px;\n  --divider-width: 100%;\n}\n<\/style>\n\t<\/section>\n\t\n","protected":false},"excerpt":{"rendered":"","protected":false},"author":1,"featured_media":0,"parent":0,"menu_order":0,"comment_status":"closed","ping_status":"closed","template":"","meta":{"_joinchat":[],"footnotes":""},"class_list":["post-9968","page","type-page","status-publish","hentry"],"_links":{"self":[{"href":"https:\/\/www.egepolhospitals.com\/ar\/wp-json\/wp\/v2\/pages\/9968","targetHints":{"allow":["GET"]}}],"collection":[{"href":"https:\/\/www.egepolhospitals.com\/ar\/wp-json\/wp\/v2\/pages"}],"about":[{"href":"https:\/\/www.egepolhospitals.com\/ar\/wp-json\/wp\/v2\/types\/page"}],"author":[{"embeddable":true,"href":"https:\/\/www.egepolhospitals.com\/ar\/wp-json\/wp\/v2\/users\/1"}],"replies":[{"embeddable":true,"href":"https:\/\/www.egepolhospitals.com\/ar\/wp-json\/wp\/v2\/comments?post=9968"}],"version-history":[{"count":4,"href":"https:\/\/www.egepolhospitals.com\/ar\/wp-json\/wp\/v2\/pages\/9968\/revisions"}],"predecessor-version":[{"id":12608,"href":"https:\/\/www.egepolhospitals.com\/ar\/wp-json\/wp\/v2\/pages\/9968\/revisions\/12608"}],"wp:attachment":[{"href":"https:\/\/www.egepolhospitals.com\/ar\/wp-json\/wp\/v2\/media?parent=9968"}],"curies":[{"name":"wp","href":"https:\/\/api.w.org\/{rel}","templated":true}]}}